{"id":72288,"date":"2024-03-13T15:47:53","date_gmt":"2024-03-13T13:47:53","guid":{"rendered":"https:\/\/magic-croatia.hr\/?page_id=72288"},"modified":"2024-04-09T12:21:47","modified_gmt":"2024-04-09T10:21:47","slug":"impressum","status":"publish","type":"page","link":"https:\/\/magic-croatia.hr\/de\/impressum\/","title":{"rendered":"Impressum"},"content":{"rendered":"<div class=\"wpb-content-wrapper\"><p>[vc_row full_height=&#8220;yes&#8220; equal_height=&#8220;yes&#8220; content_placement=&#8220;middle&#8220; css=&#8220;.vc_custom_1707723322982{padding-top: 50px !important;padding-right: 50px !important;padding-bottom: 50px !important;padding-left: 50px !important;}&#8220;][vc_column width=&#8220;1\/2&#8243;][vc_column_text css=&#8220;.vc_custom_1712658103530{padding-top: 2% !important;}&#8220;]<\/p>\n<p style=\"font-size: 18px; text-align: left;\"><strong>Magic Croatia d.o.o.<\/strong> za trgovinu, ugostiteljstvo i turisti\u010dka agencija, registriert beim Handelsgericht in Zadar, MBS 110050084, mit einem Stammkapital von 2654,46 EUR, vollst\u00e4ndig eingezahlt.<\/p>\n<p style=\"font-size: 18px; text-align: left;\"><strong>FIRMENSITZ<\/strong><br \/>\nMagic Croatia GmbH<br \/>\nPut Redina 2<br \/>\nBri\u0161evo<br \/>\n23000 Zadar<\/p>\n<p style=\"font-size: 18px; text-align: left;\"><strong>NIEDERLASSUNG<\/strong><br \/>\nPoljana Papst Alexander III., Nr.7<br \/>\n23000 Zadar<\/p>\n<p style=\"font-size: 18px; text-align: left;\"><strong>Gesch\u00e4ftsf\u00fchrerin:<\/strong> Veronika Mudri \u0160estan<br \/>\n<strong>Betriebsleiter:<\/strong> Veronika Mudri \u0160estan<\/p>\n<p style=\"font-size: 18px; text-align: left;\"><strong>ID-Code:<\/strong> HR-AB-23-110050084<br \/>\n<strong>OIB:<\/strong> 49496463544<br \/>\n<strong>EU-Umsatzsteuer-Identifikationsnummer:<\/strong> HR49496463544<br \/>\n<strong>IBAN:<\/strong> HR4123400091110706624<br \/>\n<strong>(PBZ) | SWIFT:<\/strong> PBZGHR2X<\/p>\n<p style=\"font-size: 18px; text-align: left;\"><strong>Zust\u00e4ndige Aufsichtsbeh\u00f6rde:<\/strong><br \/>\nDr\u017eavni inspektorat Republike Hrvatske- Turisti\u010dka inspekcija<br \/>\n(Staatsinspektorat der Republik Kroatien &#8211; Tourismusinspektion)<br \/>\n\u0160ubi\u0107eva ulica 29, 10000 Zagreb<\/p>\n<p>[\/vc_column_text][\/vc_column][vc_column width=&#8220;1\/2&#8243;][vc_column_text css=&#8220;.vc_custom_1710336333724{padding-top: 5% !important;padding-right: 5% !important;padding-bottom: 5% !important;padding-left: 5% !important;background-color: #1a2b48 !important;}&#8220;]<\/p>\n<p style=\"font-weight: 400; font-size: 18px;\"><span style=\"color: #ffffff;\"><strong>Arbeitszeiten<\/strong><\/span><\/p>\n<p style=\"font-weight: 400; font-size: 18px;\"><span style=\"color: #ffffff;\">Montag -Freitag 08:00-15:00<\/span><br \/>\n<span style=\"color: #ffffff;\">Samstag 8:00-13:00<\/span><br \/>\n<span style=\"color: #ffffff;\">Sonntag: geschlossen<\/span><\/p>\n<p style=\"font-weight: 400; font-size: 18px;\"><span style=\"color: #ffffff;\"><strong>Zwischen dem 01.06. und 15.09.<\/strong><\/span><\/p>\n<p style=\"font-weight: 400; font-size: 18px;\"><span style=\"color: #ffffff;\">Montag &#8211; Sonntag 08:00-22:00<\/span><\/p>\n<p>[\/vc_column_text][vc_column_text]<\/p>\n<p style=\"text-align: left; font-size: 16px;\">Gem\u00e4\u00df Artikel 6 Absatz 3 des Gesetzes \u00fcber Dienstleistungen im Tourismus informieren wir die Verbraucher, dass eventuelle Unzufriedenheit mit der erbrachten Dienstleistung durch eine schriftliche Beschwerde in den R\u00e4umlichkeiten der Agentur ausgedr\u00fcckt werden kann, oder Sie k\u00f6nnen dieselbe per Post, Fax oder E-Mail an <strong><span style=\"color: #000080;\"><a style=\"color: #000080;\" href=\"mailto:info@magic-croatia.hr\">info@magic-croatia.hr<\/a><\/span> <\/strong>senden.<\/p>\n<p style=\"text-align: left; font-size: 16px;\">F\u00fcr Pauschalreisen, bei denen wir als Reiseveranstalter auftreten, sind unsere Befugnisse durch das Gesetz \u00fcber die Erbringung von Dienstleistungen im Tourismus festgelegt. Alle Bedingungen sind im\u00a0<strong><span style=\"color: #000080;\"><a style=\"color: #000080;\" href=\"\/de\/allgemeine-geschaeftsbedingungen\/\">AGB<\/a><\/span> <\/strong>oder in der\u00a0 <strong><span style=\"color: #000080;\"><a style=\"color: #000080;\" href=\"\/de\/datenschutzerklaerung\/\">Datenschutzerkl\u00e4rung<\/a><\/span><\/strong> verf\u00fcgbar.<\/p>\n<p>[\/vc_column_text][vc_row_inner][vc_column_inner width=&#8220;1\/3&#8243;][vc_single_image image=&#8220;60468&#8243;][\/vc_column_inner][vc_column_inner width=&#8220;1\/3&#8243;][vc_single_image image=&#8220;60469&#8243;][\/vc_column_inner][vc_column_inner width=&#8220;1\/3&#8243;][vc_single_image image=&#8220;57291&#8243;][\/vc_column_inner][\/vc_row_inner][\/vc_column][\/vc_row]<\/p>\n<\/div>","protected":false},"excerpt":{"rendered":"<p>[vc_row full_height=&#8220;yes&#8220; equal_height=&#8220;yes&#8220; content_placement=&#8220;middle&#8220; css=&#8220;.vc_custom_1707723322982{padding-top: 50px !important;padding-right: 50px !important;padding-bottom: 50px !important;padding-left: 50px !important;}&#8220;][vc_column width=&#8220;1\/2&#8243;][vc_column_text css=&#8220;.vc_custom_1712658103530{padding-top: 2% !important;}&#8220;] Magic Croatia d.o.o. za trgovinu, ugostiteljstvo i turisti\u010dka agencija, registriert beim Handelsgericht in Zadar, MBS 110050084, mit einem Stammkapital von 2654,46 EUR, vollst\u00e4ndig eingezahlt. FIRMENSITZ Magic Croatia GmbH Put Redina 2 Bri\u0161evo 23000 Zadar NIEDERLASSUNG Poljana Papst Alexander [&hellip;]<\/p>\n","protected":false},"author":2,"featured_media":0,"parent":0,"menu_order":0,"comment_status":"closed","ping_status":"closed","template":"template-blank.php","meta":{"footnotes":""},"yoast_head":"<!-- This site is optimized with the Yoast SEO plugin v22.4 - https:\/\/yoast.com\/wordpress\/plugins\/seo\/ -->\n<title>Impressum | Magic Croatia<\/title>\n<meta name=\"robots\" content=\"index, follow, max-snippet:-1, max-image-preview:large, max-video-preview:-1\" \/>\n<link rel=\"canonical\" href=\"https:\/\/magic-croatia.hr\/de\/impressum\/\" \/>\n<meta property=\"og:locale\" content=\"de_DE\" \/>\n<meta property=\"og:type\" content=\"article\" \/>\n<meta property=\"og:title\" content=\"Impressum | Magic Croatia\" \/>\n<meta property=\"og:description\" content=\"[vc_row full_height=&#8220;yes&#8220; equal_height=&#8220;yes&#8220; content_placement=&#8220;middle&#8220; css=&#8220;.vc_custom_1707723322982{padding-top: 50px !important;padding-right: 50px !important;padding-bottom: 50px !important;padding-left: 50px !important;}&#8220;][vc_column width=&#8220;1\/2&#8243;][vc_column_text css=&#8220;.vc_custom_1712658103530{padding-top: 2% !important;}&#8220;] Magic Croatia d.o.o. za trgovinu, ugostiteljstvo i turisti\u010dka agencija, registriert beim Handelsgericht in Zadar, MBS 110050084, mit einem Stammkapital von 2654,46 EUR, vollst\u00e4ndig eingezahlt. FIRMENSITZ Magic Croatia GmbH Put Redina 2 Bri\u0161evo 23000 Zadar NIEDERLASSUNG Poljana Papst Alexander [&hellip;]\" \/>\n<meta property=\"og:url\" content=\"https:\/\/magic-croatia.hr\/de\/impressum\/\" \/>\n<meta property=\"og:site_name\" content=\"Magic Croatia\" \/>\n<meta property=\"article:modified_time\" content=\"2024-04-09T10:21:47+00:00\" \/>\n<meta name=\"twitter:card\" content=\"summary_large_image\" \/>\n<meta name=\"twitter:label1\" content=\"Gesch\u00e4tzte Lesezeit\" \/>\n\t<meta name=\"twitter:data1\" content=\"1 Minute\" \/>\n<script type=\"application\/ld+json\" class=\"yoast-schema-graph\">{\"@context\":\"https:\/\/schema.org\",\"@graph\":[{\"@type\":\"WebPage\",\"@id\":\"https:\/\/magic-croatia.hr\/de\/impressum\/\",\"url\":\"https:\/\/magic-croatia.hr\/de\/impressum\/\",\"name\":\"Impressum | Magic Croatia\",\"isPartOf\":{\"@id\":\"https:\/\/magic-croatia.hr\/de\/#website\"},\"datePublished\":\"2024-03-13T13:47:53+00:00\",\"dateModified\":\"2024-04-09T10:21:47+00:00\",\"breadcrumb\":{\"@id\":\"https:\/\/magic-croatia.hr\/de\/impressum\/#breadcrumb\"},\"inLanguage\":\"de-DE\",\"potentialAction\":[{\"@type\":\"ReadAction\",\"target\":[\"https:\/\/magic-croatia.hr\/de\/impressum\/\"]}]},{\"@type\":\"BreadcrumbList\",\"@id\":\"https:\/\/magic-croatia.hr\/de\/impressum\/#breadcrumb\",\"itemListElement\":[{\"@type\":\"ListItem\",\"position\":1,\"name\":\"Home\",\"item\":\"https:\/\/magic-croatia.hr\/de\/\"},{\"@type\":\"ListItem\",\"position\":2,\"name\":\"Impressum\"}]},{\"@type\":\"WebSite\",\"@id\":\"https:\/\/magic-croatia.hr\/de\/#website\",\"url\":\"https:\/\/magic-croatia.hr\/de\/\",\"name\":\"Magic Croatia\",\"description\":\"Turisti\u010dka agencija\",\"publisher\":{\"@id\":\"https:\/\/magic-croatia.hr\/de\/#organization\"},\"potentialAction\":[{\"@type\":\"SearchAction\",\"target\":{\"@type\":\"EntryPoint\",\"urlTemplate\":\"https:\/\/magic-croatia.hr\/de\/?s={search_term_string}\"},\"query-input\":\"required name=search_term_string\"}],\"inLanguage\":\"de-DE\"},{\"@type\":\"Organization\",\"@id\":\"https:\/\/magic-croatia.hr\/de\/#organization\",\"name\":\"Magic Croatia\",\"url\":\"https:\/\/magic-croatia.hr\/de\/\",\"logo\":{\"@type\":\"ImageObject\",\"inLanguage\":\"de-DE\",\"@id\":\"https:\/\/magic-croatia.hr\/de\/#\/schema\/logo\/image\/\",\"url\":\"https:\/\/magic-croatia.hr\/wp-content\/uploads\/2019\/05\/magic-croatia-logo-final-02.png\",\"contentUrl\":\"https:\/\/magic-croatia.hr\/wp-content\/uploads\/2019\/05\/magic-croatia-logo-final-02.png\",\"width\":2251,\"height\":697,\"caption\":\"Magic Croatia\"},\"image\":{\"@id\":\"https:\/\/magic-croatia.hr\/de\/#\/schema\/logo\/image\/\"}}]}<\/script>\n<!-- \/ Yoast SEO plugin. -->","yoast_head_json":{"title":"Impressum | Magic Croatia","robots":{"index":"index","follow":"follow","max-snippet":"max-snippet:-1","max-image-preview":"max-image-preview:large","max-video-preview":"max-video-preview:-1"},"canonical":"https:\/\/magic-croatia.hr\/de\/impressum\/","og_locale":"de_DE","og_type":"article","og_title":"Impressum | Magic Croatia","og_description":"[vc_row full_height=&#8220;yes&#8220; equal_height=&#8220;yes&#8220; content_placement=&#8220;middle&#8220; css=&#8220;.vc_custom_1707723322982{padding-top: 50px !important;padding-right: 50px !important;padding-bottom: 50px !important;padding-left: 50px !important;}&#8220;][vc_column width=&#8220;1\/2&#8243;][vc_column_text css=&#8220;.vc_custom_1712658103530{padding-top: 2% !important;}&#8220;] Magic Croatia d.o.o. za trgovinu, ugostiteljstvo i turisti\u010dka agencija, registriert beim Handelsgericht in Zadar, MBS 110050084, mit einem Stammkapital von 2654,46 EUR, vollst\u00e4ndig eingezahlt. FIRMENSITZ Magic Croatia GmbH Put Redina 2 Bri\u0161evo 23000 Zadar NIEDERLASSUNG Poljana Papst Alexander [&hellip;]","og_url":"https:\/\/magic-croatia.hr\/de\/impressum\/","og_site_name":"Magic Croatia","article_modified_time":"2024-04-09T10:21:47+00:00","twitter_card":"summary_large_image","twitter_misc":{"Gesch\u00e4tzte Lesezeit":"1 Minute"},"schema":{"@context":"https:\/\/schema.org","@graph":[{"@type":"WebPage","@id":"https:\/\/magic-croatia.hr\/de\/impressum\/","url":"https:\/\/magic-croatia.hr\/de\/impressum\/","name":"Impressum | Magic Croatia","isPartOf":{"@id":"https:\/\/magic-croatia.hr\/de\/#website"},"datePublished":"2024-03-13T13:47:53+00:00","dateModified":"2024-04-09T10:21:47+00:00","breadcrumb":{"@id":"https:\/\/magic-croatia.hr\/de\/impressum\/#breadcrumb"},"inLanguage":"de-DE","potentialAction":[{"@type":"ReadAction","target":["https:\/\/magic-croatia.hr\/de\/impressum\/"]}]},{"@type":"BreadcrumbList","@id":"https:\/\/magic-croatia.hr\/de\/impressum\/#breadcrumb","itemListElement":[{"@type":"ListItem","position":1,"name":"Home","item":"https:\/\/magic-croatia.hr\/de\/"},{"@type":"ListItem","position":2,"name":"Impressum"}]},{"@type":"WebSite","@id":"https:\/\/magic-croatia.hr\/de\/#website","url":"https:\/\/magic-croatia.hr\/de\/","name":"Magic Croatia","description":"Turisti\u010dka agencija","publisher":{"@id":"https:\/\/magic-croatia.hr\/de\/#organization"},"potentialAction":[{"@type":"SearchAction","target":{"@type":"EntryPoint","urlTemplate":"https:\/\/magic-croatia.hr\/de\/?s={search_term_string}"},"query-input":"required name=search_term_string"}],"inLanguage":"de-DE"},{"@type":"Organization","@id":"https:\/\/magic-croatia.hr\/de\/#organization","name":"Magic Croatia","url":"https:\/\/magic-croatia.hr\/de\/","logo":{"@type":"ImageObject","inLanguage":"de-DE","@id":"https:\/\/magic-croatia.hr\/de\/#\/schema\/logo\/image\/","url":"https:\/\/magic-croatia.hr\/wp-content\/uploads\/2019\/05\/magic-croatia-logo-final-02.png","contentUrl":"https:\/\/magic-croatia.hr\/wp-content\/uploads\/2019\/05\/magic-croatia-logo-final-02.png","width":2251,"height":697,"caption":"Magic Croatia"},"image":{"@id":"https:\/\/magic-croatia.hr\/de\/#\/schema\/logo\/image\/"}}]}},"_links":{"self":[{"href":"https:\/\/magic-croatia.hr\/de\/wp-json\/wp\/v2\/pages\/72288"}],"collection":[{"href":"https:\/\/magic-croatia.hr\/de\/wp-json\/wp\/v2\/pages"}],"about":[{"href":"https:\/\/magic-croatia.hr\/de\/wp-json\/wp\/v2\/types\/page"}],"author":[{"embeddable":true,"href":"https:\/\/magic-croatia.hr\/de\/wp-json\/wp\/v2\/users\/2"}],"replies":[{"embeddable":true,"href":"https:\/\/magic-croatia.hr\/de\/wp-json\/wp\/v2\/comments?post=72288"}],"version-history":[{"count":8,"href":"https:\/\/magic-croatia.hr\/de\/wp-json\/wp\/v2\/pages\/72288\/revisions"}],"predecessor-version":[{"id":73110,"href":"https:\/\/magic-croatia.hr\/de\/wp-json\/wp\/v2\/pages\/72288\/revisions\/73110"}],"wp:attachment":[{"href":"https:\/\/magic-croatia.hr\/de\/wp-json\/wp\/v2\/media?parent=72288"}],"curies":[{"name":"wp","href":"https:\/\/api.w.org\/{rel}","templated":true}]}}