{"id":72125,"date":"2024-03-06T15:29:36","date_gmt":"2024-03-06T13:29:36","guid":{"rendered":"https:\/\/magic-croatia.hr\/?page_id=72125"},"modified":"2024-04-08T12:24:09","modified_gmt":"2024-04-08T10:24:09","slug":"konferenzplanung","status":"publish","type":"page","link":"https:\/\/magic-croatia.hr\/de\/konferenzplanung\/","title":{"rendered":"Konferenzplanung"},"content":{"rendered":"<div class=\"wpb-content-wrapper\"><p>[vc_row full_width=&#8220;stretch_row_content&#8220; css=&#8220;.vc_custom_1707505486790{background-image: url(https:\/\/magic-croatia.hr\/wp-content\/uploads\/2024\/02\/konferencije.jpg?id=71778) !important;background-position: center !important;background-repeat: no-repeat !important;background-size: cover !important;}&#8220;][vc_column][vc_empty_space height=&#8220;122px&#8220;][vc_row_inner][vc_column_inner width=&#8220;2\/3&#8243;][vc_column_text]<span style=\"font-size: 18px; color: #ffffff;\"><strong>ORGANISIEREN SIE IHRE KONFERENZEN MIT UNS<\/strong><\/span><\/p>\n<h1><span style=\"font-size: 38px; color: #ffffff;\">Professionelle Konferenplanung in Kroatien<\/span><\/h1>\n<p><span style=\"font-size: 18px; color: #ffffff;\">Ben\u00f6tigen Sie Unterst\u00fctzung bei der Organisation einer Konferenz? Wir stehen Ihnen f\u00fcr die gesamte Planung und Durchf\u00fchrung zur Verf\u00fcgung, einschlie\u00dflich der wichtigsten Elemente wie der Anmietung von Konferenzr\u00e4umen, technischer Ausr\u00fcstung, Unterkunft f\u00fcr Teilnehmer, Transfer, Kaffeepausen, Verpflegung und Freizeitaktivit\u00e4ten f\u00fcr die Teilnehmer.<\/span>[\/vc_column_text][\/vc_column_inner][vc_column_inner width=&#8220;1\/3&#8243;][\/vc_column_inner][\/vc_row_inner][vc_empty_space height=&#8220;82px&#8220;][\/vc_column][\/vc_row][vc_row full_width=&#8220;stretch_row_content&#8220; css=&#8220;.vc_custom_1712571691839{background-color: #ffffff !important;}&#8220;][vc_column][vc_empty_space height=&#8220;42px&#8220;][vc_column_text css=&#8220;.vc_custom_1709731095344{padding-right: 5% !important;padding-left: 5% !important;}&#8220;]<\/p>\n<p style=\"text-align: center; font-size: 20px;\">Gem\u00e4\u00df Ihren W\u00fcnschen und Ihrem Budget gestalten wir ein ma\u00dfgeschneidertes Programm f\u00fcr eine eint\u00e4gige oder mehrt\u00e4gige Konferenz, das perfekt auf Ihre Bed\u00fcrfnisse zugeschnitten ist. W\u00e4hrend der Planungsphase ber\u00fccksichtigen wir sorgf\u00e4ltig Ihre spezifischen Anforderungen und integrieren gew\u00fcnschte Aktivit\u00e4ten in das Konferenzprogramm. Dar\u00fcber hinaus stehen wir Ihnen mit unserer Expertise zur Seite, um innovative L\u00f6sungen und kreative Ideen vorzuschlagen, die Ihre Veranstaltung einzigartig und unvergesslich machen. Unser Ziel ist es, eine Atmosph\u00e4re zu schaffen, in der Wissen, Ideenaustausch und Networking auf h\u00f6chstem Niveau gef\u00f6rdert werden.<\/p>\n<p>[\/vc_column_text][vc_empty_space height=&#8220;22px&#8220;][\/vc_column][\/vc_row][vc_row][vc_column offset=&#8220;vc_hidden-lg vc_hidden-md vc_hidden-sm vc_hidden-xs&#8220;][vc_empty_space height=&#8220;42px&#8220; el_id=&#8220;top-ponuda&#8220; el_class=&#8220;top-ponuda&#8220;][vc_column_text]<\/p>\n<p style=\"text-align: center; font-size: 34px;\">Folgende Unternehmen haben uns bereits ihr Vertrauen geschenkt:<\/p>\n<p>[\/vc_column_text]<div class=\"search-result-page st-tours service-slider-wrapper st_activity\"><div class=\"st-hotel-result\"><div class=\"owl-carousel st-service-slider\"><div class=\"item-service grid-item has-matchHeight\">\r\n    <div class=\"service-border\">\r\n        <div class=\"thumb\">\r\n                                        <a href=\"\" class=\"login\" data-toggle=\"modal\" data-target=\"#st-login-form\">\r\n                    <div class=\"service-add-wishlist\" title=\"Add to wishlist\">\r\n                        <i class=\"fa fa-heart\"><\/i>\r\n                        <div class=\"lds-dual-ring\"><\/div>\r\n                    <\/div>\r\n                <\/a>\r\n                        <div class=\"service-tag bestseller\">\r\n                            <\/div>\r\n            <a href=\"https:\/\/magic-croatia.hr\/de\/izleti\/halbtaegiger-bootsausflug-zur-herzinsel-galesnjak\/\">\r\n                <img loading=\"lazy\" decoding=\"async\" width=\"680\" height=\"500\" src=\"https:\/\/magic-croatia.hr\/wp-content\/uploads\/2019\/01\/heart-island-zadar-croatia-1-680x500.jpg\" class=\"img-responsive wp-post-image\" alt=\"Turisti\u010dka agencija\" \/>            <\/a>\r\n                        <a href=\"https:\/\/magic-croatia.hr\/de\/autor\/magic_croatia\/\" target=\"_blank\" title=\"Magic Croatia\"  class=\"service-avatar\"><\/a>        <\/div>\r\n                    <p class=\"service-location plr15\"><i class=\"input-icon st-border-radius field-icon fa\"><svg width=\"15px\" height=\"15px\" viewBox=\"0 0 24 24\" version=\"1.1\" xmlns=\"http:\/\/www.w3.org\/2000\/svg\" xmlns:xlink=\"http:\/\/www.w3.org\/1999\/xlink\">\r\n    <!-- Generator: Sketch 49 (51002) - http:\/\/www.bohemiancoding.com\/sketch -->\r\n    \r\n    <defs><\/defs>\r\n    <g id=\"Ico_maps\" stroke=\"none\" stroke-width=\"1\" fill=\"none\" fill-rule=\"evenodd\" stroke-linecap=\"round\" stroke-linejoin=\"round\">\r\n        <g id=\"Group\" transform=\"translate(4.000000, 0.000000)\" stroke=\"#666666\">\r\n            <g id=\"pin-1\" transform=\"translate(-0.000000, 0.000000)\">\r\n                <path d=\"M15.75,8.25 C15.75,12.471 12.817,14.899 10.619,17.25 C9.303,18.658 8.25,23.25 8.25,23.25 C8.25,23.25 7.2,18.661 5.887,17.257 C3.687,14.907 0.75,12.475 0.75,8.25 C0.75,4.10786438 4.10786438,0.75 8.25,0.75 C12.3921356,0.75 15.75,4.10786438 15.75,8.25 Z\" id=\"Shape\"><\/path>\r\n                <circle id=\"Oval\" cx=\"8.25\" cy=\"8.25\" r=\"3\"><\/circle>\r\n            <\/g>\r\n        <\/g>\r\n    <\/g>\r\n<\/svg><\/i>Gale\u0161njak, Croatia<\/p>\r\n                <h3 class=\"service-title plr15\"><a href=\"https:\/\/magic-croatia.hr\/de\/izleti\/halbtaegiger-bootsausflug-zur-herzinsel-galesnjak\/\">Halbt\u00e4giger Bootsausflug zur Herzinsel Gale\u0161njak<\/a><\/h3>\r\n\r\n        <div class=\"service-review plr15\">\r\n            <ul class=\"icon-group text-color booking-item-rating-stars\">\r\n                            <\/ul>\r\n                        <span class=\"review\">0 Reviews<\/span>\r\n        <\/div>\r\n\r\n        <div class=\"section-footer\">\r\n            <div class=\"footer-inner plr15\">\r\n                <div class=\"service-price\">\r\n                    <span>\r\n                        <i class=\"input-icon st-border-radius field-icon fa\"><svg width=\"10px\" height=\"16px\" viewBox=\"0 0 11 18\" version=\"1.1\" xmlns=\"http:\/\/www.w3.org\/2000\/svg\" xmlns:xlink=\"http:\/\/www.w3.org\/1999\/xlink\">\r\n    <!-- Generator: Sketch 49 (51002) - http:\/\/www.bohemiancoding.com\/sketch -->\r\n    \r\n    <defs><\/defs>\r\n    <g id=\"Hotel-layout\" stroke=\"none\" stroke-width=\"1\" fill=\"none\" fill-rule=\"evenodd\">\r\n        <g id=\"Room_Only_Detail_1\" transform=\"translate(-135.000000, -4858.000000)\" fill=\"#ffab53\" fill-rule=\"nonzero\">\r\n            <g id=\"nearby-hotel\" transform=\"translate(130.000000, 4334.000000)\">\r\n                <g id=\"h1-g\" transform=\"translate(5.000000, 136.000000)\">\r\n                    <g id=\"hotel-grid\">\r\n                        <g id=\"price\" transform=\"translate(0.000000, 383.000000)\">\r\n                            <g id=\"thunder\" transform=\"translate(0.000000, 5.000000)\">\r\n                                <path d=\"M10.0143234,6.99308716 C9.91102517,6.83252576 9.73362166,6.73708716 9.54386728,6.73708716 L5.61404272,6.73708716 L5.61404272,0.561648567 C5.61404272,0.296666111 5.42877956,0.0676134793 5.16941114,0.0125959355 C4.90555149,-0.0435444154 4.64730587,0.0923152337 4.5395164,0.333718743 L0.0482883306,10.4389819 C-0.0291853536,10.6118942 -0.0123432484,10.8139994 0.0909549973,10.9723152 C0.194253243,11.1317538 0.371656752,11.2283152 0.561411138,11.2283152 L4.4912357,11.2283152 L4.4912357,17.4037538 C4.4912357,17.6687363 4.67649886,17.8977889 4.93586728,17.9528065 C4.97516552,17.9606661 5.01446377,17.9651573 5.05263921,17.9651573 C5.27046377,17.9651573 5.47369184,17.8382801 5.56576201,17.6316837 L10.0569901,7.5264205 C10.133341,7.35238541 10.1187445,7.15252576 10.0143234,6.99308716 Z\" id=\"Shape\"><\/path>\r\n                            <\/g>\r\n                        <\/g>\r\n                    <\/g>\r\n                <\/g>\r\n            <\/g>\r\n        <\/g>\r\n    <\/g>\r\n<\/svg><\/i>                            <span class=\"fr_text\">ab<\/span>\r\n                    <\/span>\r\n                    <span class=\"price\">\r\n                        <span class=\"text-lg lh1em item \"> \u20ac420.00<\/span>                    <\/span>\r\n                <\/div>\r\n            <\/div>\r\n        <\/div>\r\n    <\/div>\r\n<\/div>\r\n<\/div><\/div><\/div>[vc_empty_space height=&#8220;42px&#8220;][vc_empty_space height=&#8220;52px&#8220;][\/vc_column][\/vc_row][vc_row full_width=&#8220;stretch_row_content_no_spaces&#8220; equal_height=&#8220;yes&#8220; content_placement=&#8220;middle&#8220; css=&#8220;.vc_custom_1712571670332{background-color: #f7f7f7 !important;}&#8220;][vc_column][vc_row_inner equal_height=&#8220;yes&#8220; content_placement=&#8220;middle&#8220;][vc_column_inner width=&#8220;2\/3&#8243;][vc_empty_space][vc_column_text css=&#8220;.vc_custom_1709731165577{padding-right: 5% !important;padding-left: 5% !important;}&#8220;]<\/p>\n<h2 style=\"text-align: left; font-size: 36px;\">Warum sollten Sie die Organisation Ihrer Konferenz uns \u00fcberlassen?<\/h2>\n<hr \/>\n<p>[\/vc_column_text][vc_column_text css=&#8220;.vc_custom_1709731327909{padding-right: 5% !important;padding-left: 5% !important;}&#8220;]<\/p>\n<p style=\"padding-left: 18px; font-size: 18px;\">\u2714 Wir finden den passenden Konferenzraum f\u00fcr Sie<\/p>\n<p style=\"padding-left: 18px; font-size: 18px;\">\u2714 In unser Angebot integrieren wir hochwertige und bew\u00e4hrte Unterk\u00fcnfte, mit denen Sie zufrieden sein werden<\/p>\n<p style=\"padding-left: 18px; font-size: 18px;\">\u2714 Wir k\u00f6nnen sicheren Transport oder Transfers f\u00fcr die Teilnehmer gew\u00e4hrleisten<\/p>\n<p style=\"padding-left: 18px; font-size: 18px;\">\u2714 Gem\u00e4\u00df Ihren W\u00fcnschen organisieren wir Mahlzeiten, Fingerfood, Kaffeepausen und Getr\u00e4nke<\/p>\n<p style=\"padding-left: 18px; font-size: 18px;\">\u2714 Wir arrangieren f\u00fcr Sie die Anmietung und Installation technischer Ausr\u00fcstung sowie die Bereitstellung von Technikern<\/p>\n<p style=\"padding-left: 18px; font-size: 18px;\">\u2714 Wir schlagen begleitende Aktivit\u00e4ten vor: aktive, unterhaltsame oder bildende Aktivit\u00e4ten f\u00fcr die Teilnehmer<\/p>\n<p>[\/vc_column_text][vc_empty_space][\/vc_column_inner][vc_column_inner width=&#8220;1\/3&#8243; css=&#8220;.vc_custom_1709730728262{margin-top: 60px !important;padding-top: 20px !important;padding-right: 20px !important;padding-bottom: 20px !important;padding-left: 20px !important;background-color: #1a2b48 !important;}&#8220; offset=&#8220;vc_hidden-md vc_hidden-sm vc_hidden-xs&#8220;][vc_empty_space][vc_column_text css_animation=&#8220;bounceInUp&#8220; css=&#8220;.vc_custom_1709731570013{padding-right: 5% !important;padding-left: 5% !important;}&#8220;]<\/p>\n<p style=\"font-size: 18px; text-align: left; color: #ffffff;\">\u2713 Bei den von uns organisierten Konferenzen haben bereits \u00fcber 200 Teilnehmer die Gelegenheit genutzt, sich auszutauschen und zu vernetzen<\/p>\n<hr \/>\n<p style=\"font-size: 18px; text-align: left; color: #ffffff;\">\u2713 Komplette Transportlogistik f\u00fcr jeden Teilnehmer<\/p>\n<hr \/>\n<p style=\"font-size: 18px; text-align: left; color: #ffffff;\">\u2713 Umfassende Planung von Unterk\u00fcnften, Touren und Zusatzprogrammen<\/p>\n<p>[\/vc_column_text][vc_empty_space height=&#8220;22px&#8220;][\/vc_column_inner][\/vc_row_inner][\/vc_column][\/vc_row][vc_row content_placement=&#8220;middle&#8220; css=&#8220;.vc_custom_1712566423540{padding-top: 30px !important;padding-right: 30px !important;padding-bottom: 30px !important;padding-left: 30px !important;background-color: #ffffff !important;}&#8220;][vc_column width=&#8220;1\/2&#8243; css=&#8220;.vc_custom_1712566715467{padding-top: 5% !important;padding-right: 5% !important;}&#8220;][vc_empty_space height=&#8220;62px&#8220;][vc_column_text]<\/p>\n<p style=\"text-align: left; font-size: 28px;\">Jetzt Kontakt aufnehmen<\/p>\n<p style=\"text-align: left; font-size: 18px;\">Egal ob es sich um eine <strong>eint\u00e4gige Veranstaltung<\/strong> oder eine <strong>mehrere Tage dauernde Konferenz<\/strong> handelt, wir bieten Ihnen professionelle Unterst\u00fctzung und umfassende Dienstleistungen f\u00fcr die Organisation Ihrer Konferenz. Mit unserer Erfahrung und Hingabe bieten wir Ihnen den optimalen Veranstaltungsort, hochwertige Unterk\u00fcnfte und effizienten Transport f\u00fcr alle Teilnehmer.<\/p>\n<p style=\"text-align: left; font-size: 18px;\"><strong>Kontaktieren Sie uns<\/strong> und beginnen wir mit der Planung Ihrer Konferenz in Dalmatien.<\/p>\n<p>[\/vc_column_text][vc_empty_space height=&#8220;12px&#8220;][\/vc_column][vc_column width=&#8220;1\/2&#8243; css=&#8220;.vc_custom_1712571846154{border-top-width: 25px !important;border-right-width: 15px !important;border-bottom-width: 15px !important;border-left-width: 15px !important;padding-right: 30px !important;padding-left: 30px !important;background-color: #f7f7f7 !important;border-left-color: #ffffff !important;border-right-color: #ffffff !important;border-top-color: #ffffff !important;border-bottom-color: #ffffff !important;}&#8220;][vc_wp_text]<div class=\"frm_forms  with_frm_style frm_style_formidable-style\" id=\"frm_form_7_container\" data-token=\"178f05a88186fd4094d87283cde50884\">\n<form enctype=\"multipart\/form-data\" method=\"post\" class=\"frm-show-form \" id=\"form_konferenzorganisation-form\"  data-token=\"178f05a88186fd4094d87283cde50884\">\n<div class=\"frm_form_fields \">\n<fieldset>\n<legend class=\"frm_screen_reader\">Konferenzorganisation<\/legend>\r\n\r\n<div class=\"frm_fields_container\">\n<input type=\"hidden\" name=\"frm_action\" value=\"create\" \/>\n<input type=\"hidden\" name=\"form_id\" value=\"7\" \/>\n<input type=\"hidden\" name=\"frm_hide_fields_7\" id=\"frm_hide_fields_7\" value=\"\" \/>\n<input type=\"hidden\" name=\"form_key\" value=\"konferenzorganisation-form\" \/>\n<input type=\"hidden\" name=\"item_meta[0]\" value=\"\" \/>\n<input type=\"hidden\" id=\"frm_submit_entry_7\" name=\"frm_submit_entry_7\" value=\"48108e254f\" \/><input type=\"hidden\" name=\"_wp_http_referer\" value=\"\/de\/wp-json\/wp\/v2\/pages\/72125\" \/><div id=\"frm_field_26_container\" class=\"frm_form_field form-field  frm_required_field frm_top_container\">\r\n    <label for=\"field_sdffo43\" id=\"field_sdffo43_label\" class=\"frm_primary_label\">Name und Nachname:\r\n        <span class=\"frm_required\" aria-hidden=\"true\">*<\/span>\r\n    <\/label>\r\n    <input type=\"text\" id=\"field_sdffo43\" name=\"item_meta[26]\" value=\"\"  data-reqmsg=\"Name und Nachname: cannot be blank.\" aria-required=\"true\" data-invmsg=\"Text is invalid\" aria-invalid=\"false\"  \/>\r\n    \r\n    \r\n<\/div>\n<div id=\"frm_field_27_container\" class=\"frm_form_field form-field  frm_required_field frm_top_container\">\r\n    <label for=\"field_3usgq43\" id=\"field_3usgq43_label\" class=\"frm_primary_label\">E-mail:\r\n        <span class=\"frm_required\" aria-hidden=\"true\">*<\/span>\r\n    <\/label>\r\n    <input type=\"email\" id=\"field_3usgq43\" name=\"item_meta[27]\" value=\"\"  data-reqmsg=\"E-mail: cannot be blank.\" aria-required=\"true\" data-invmsg=\"Email is invalid\" aria-invalid=\"false\"  \/>\r\n    \r\n    \r\n<\/div>\n<div id=\"frm_field_28_container\" class=\"frm_form_field form-field  frm_top_container\">\r\n    <label for=\"field_trere32\" id=\"field_trere32_label\" class=\"frm_primary_label\">Haben Sie Fragen oder m\u00f6chten mehr Infos?\r\n        <span class=\"frm_required\" aria-hidden=\"true\"><\/span>\r\n    <\/label>\r\n    <textarea name=\"item_meta[28]\" id=\"field_trere32\"  data-invmsg=\"Haben Sie Fragen oder m\u00f6chten mehr Infos? ist ung\u00fcltig\" aria-invalid=\"false\"  ><\/textarea>\r\n    \r\n    \r\n<\/div>\n\t<input type=\"hidden\" name=\"item_key\" value=\"\" \/>\n\t\t\t\t<div class=\"frm__659d59dd2f747\">\n\t\t\t\t<label for=\"frm_email_7\" >\n\t\t\t\t\tFalls Du menschlich bist, lasse dieses Feld leer.\t\t\t\t<\/label>\n\t\t\t\t<input  id=\"frm_email_7\" type=\"text\" class=\"frm_verify\" name=\"frm__659d59dd2f747\" value=\"\" autocomplete=\"false\"  \/>\n\t\t\t<\/div>\n\t\t<div class=\"frm_submit frm_flex\">\r\n<button class=\"frm_button_submit\" type=\"submit\"  >Anfrage senden!<\/button>\r\n\r\n\r\n\r\n<\/div><\/div>\n<\/fieldset>\n<\/div>\n<\/form>\n<\/div>\n[\/vc_wp_text][\/vc_column][\/vc_row]<\/p>\n<\/div>","protected":false},"excerpt":{"rendered":"<p>[vc_row full_width=&#8220;stretch_row_content&#8220; css=&#8220;.vc_custom_1707505486790{background-image: url(https:\/\/magic-croatia.hr\/wp-content\/uploads\/2024\/02\/konferencije.jpg?id=71778) !important;background-position: center !important;background-repeat: no-repeat !important;background-size: cover !important;}&#8220;][vc_column][vc_empty_space height=&#8220;122px&#8220;][vc_row_inner][vc_column_inner width=&#8220;2\/3&#8243;][vc_column_text]ORGANISIEREN SIE IHRE KONFERENZEN MIT UNS Professionelle Konferenplanung in Kroatien Ben\u00f6tigen Sie Unterst\u00fctzung bei der Organisation einer Konferenz? Wir stehen Ihnen f\u00fcr die gesamte Planung und Durchf\u00fchrung zur Verf\u00fcgung, einschlie\u00dflich der wichtigsten Elemente wie der Anmietung von Konferenzr\u00e4umen, technischer Ausr\u00fcstung, Unterkunft f\u00fcr Teilnehmer, [&hellip;]<\/p>\n","protected":false},"author":2,"featured_media":59170,"parent":0,"menu_order":0,"comment_status":"closed","ping_status":"closed","template":"template-home-modern.php","meta":{"footnotes":""},"yoast_head":"<!-- This site is optimized with the Yoast SEO plugin v22.4 - https:\/\/yoast.com\/wordpress\/plugins\/seo\/ -->\n<title>Professionelle Konferenzplanung in Kroatien| Magic Croatia<\/title>\n<meta name=\"description\" content=\"Professionelle Konferenzplanung mit \u00fcber 200 zufriedenen Teilnehmern, inkl. Transport, Unterkunft und Rahmenprogramm\" \/>\n<meta name=\"robots\" content=\"index, follow, max-snippet:-1, max-image-preview:large, max-video-preview:-1\" \/>\n<link rel=\"canonical\" href=\"https:\/\/magic-croatia.hr\/de\/konferenzplanung\/\" \/>\n<meta property=\"og:locale\" content=\"de_DE\" \/>\n<meta property=\"og:type\" content=\"article\" \/>\n<meta property=\"og:title\" content=\"Professionelle Konferenzplanung in Kroatien| Magic Croatia\" \/>\n<meta property=\"og:description\" content=\"Professionelle Konferenzplanung mit \u00fcber 200 zufriedenen Teilnehmern, inkl. Transport, Unterkunft und Rahmenprogramm\" \/>\n<meta property=\"og:url\" content=\"https:\/\/magic-croatia.hr\/de\/konferenzplanung\/\" \/>\n<meta property=\"og:site_name\" content=\"Magic Croatia\" \/>\n<meta property=\"article:modified_time\" content=\"2024-04-08T10:24:09+00:00\" \/>\n<meta property=\"og:image\" content=\"https:\/\/magic-croatia.hr\/wp-content\/uploads\/2021\/05\/girl-622534_1280.jpg\" \/>\n\t<meta property=\"og:image:width\" content=\"1280\" \/>\n\t<meta property=\"og:image:height\" content=\"854\" \/>\n\t<meta property=\"og:image:type\" content=\"image\/jpeg\" \/>\n<meta name=\"twitter:card\" content=\"summary_large_image\" \/>\n<meta name=\"twitter:label1\" content=\"Gesch\u00e4tzte Lesezeit\" \/>\n\t<meta name=\"twitter:data1\" content=\"3 Minuten\" \/>\n<script type=\"application\/ld+json\" class=\"yoast-schema-graph\">{\"@context\":\"https:\/\/schema.org\",\"@graph\":[{\"@type\":\"WebPage\",\"@id\":\"https:\/\/magic-croatia.hr\/de\/konferenzplanung\/\",\"url\":\"https:\/\/magic-croatia.hr\/de\/konferenzplanung\/\",\"name\":\"Professionelle Konferenzplanung in Kroatien| Magic Croatia\",\"isPartOf\":{\"@id\":\"https:\/\/magic-croatia.hr\/de\/#website\"},\"primaryImageOfPage\":{\"@id\":\"https:\/\/magic-croatia.hr\/de\/konferenzplanung\/#primaryimage\"},\"image\":{\"@id\":\"https:\/\/magic-croatia.hr\/de\/konferenzplanung\/#primaryimage\"},\"thumbnailUrl\":\"https:\/\/magic-croatia.hr\/wp-content\/uploads\/2021\/05\/girl-622534_1280.jpg\",\"datePublished\":\"2024-03-06T13:29:36+00:00\",\"dateModified\":\"2024-04-08T10:24:09+00:00\",\"description\":\"Professionelle Konferenzplanung mit \u00fcber 200 zufriedenen Teilnehmern, inkl. Transport, Unterkunft und Rahmenprogramm\",\"breadcrumb\":{\"@id\":\"https:\/\/magic-croatia.hr\/de\/konferenzplanung\/#breadcrumb\"},\"inLanguage\":\"de-DE\",\"potentialAction\":[{\"@type\":\"ReadAction\",\"target\":[\"https:\/\/magic-croatia.hr\/de\/konferenzplanung\/\"]}]},{\"@type\":\"ImageObject\",\"inLanguage\":\"de-DE\",\"@id\":\"https:\/\/magic-croatia.hr\/de\/konferenzplanung\/#primaryimage\",\"url\":\"https:\/\/magic-croatia.hr\/wp-content\/uploads\/2021\/05\/girl-622534_1280.jpg\",\"contentUrl\":\"https:\/\/magic-croatia.hr\/wp-content\/uploads\/2021\/05\/girl-622534_1280.jpg\",\"width\":1280,\"height\":854},{\"@type\":\"BreadcrumbList\",\"@id\":\"https:\/\/magic-croatia.hr\/de\/konferenzplanung\/#breadcrumb\",\"itemListElement\":[{\"@type\":\"ListItem\",\"position\":1,\"name\":\"Home\",\"item\":\"https:\/\/magic-croatia.hr\/de\/\"},{\"@type\":\"ListItem\",\"position\":2,\"name\":\"Konferenzplanung\"}]},{\"@type\":\"WebSite\",\"@id\":\"https:\/\/magic-croatia.hr\/de\/#website\",\"url\":\"https:\/\/magic-croatia.hr\/de\/\",\"name\":\"Magic Croatia\",\"description\":\"Turisti\u010dka agencija\",\"publisher\":{\"@id\":\"https:\/\/magic-croatia.hr\/de\/#organization\"},\"potentialAction\":[{\"@type\":\"SearchAction\",\"target\":{\"@type\":\"EntryPoint\",\"urlTemplate\":\"https:\/\/magic-croatia.hr\/de\/?s={search_term_string}\"},\"query-input\":\"required name=search_term_string\"}],\"inLanguage\":\"de-DE\"},{\"@type\":\"Organization\",\"@id\":\"https:\/\/magic-croatia.hr\/de\/#organization\",\"name\":\"Magic Croatia\",\"url\":\"https:\/\/magic-croatia.hr\/de\/\",\"logo\":{\"@type\":\"ImageObject\",\"inLanguage\":\"de-DE\",\"@id\":\"https:\/\/magic-croatia.hr\/de\/#\/schema\/logo\/image\/\",\"url\":\"https:\/\/magic-croatia.hr\/wp-content\/uploads\/2019\/05\/magic-croatia-logo-final-02.png\",\"contentUrl\":\"https:\/\/magic-croatia.hr\/wp-content\/uploads\/2019\/05\/magic-croatia-logo-final-02.png\",\"width\":2251,\"height\":697,\"caption\":\"Magic Croatia\"},\"image\":{\"@id\":\"https:\/\/magic-croatia.hr\/de\/#\/schema\/logo\/image\/\"}}]}<\/script>\n<!-- \/ Yoast SEO plugin. -->","yoast_head_json":{"title":"Professionelle Konferenzplanung in Kroatien| Magic Croatia","description":"Professionelle Konferenzplanung mit \u00fcber 200 zufriedenen Teilnehmern, inkl. Transport, Unterkunft und Rahmenprogramm","robots":{"index":"index","follow":"follow","max-snippet":"max-snippet:-1","max-image-preview":"max-image-preview:large","max-video-preview":"max-video-preview:-1"},"canonical":"https:\/\/magic-croatia.hr\/de\/konferenzplanung\/","og_locale":"de_DE","og_type":"article","og_title":"Professionelle Konferenzplanung in Kroatien| Magic Croatia","og_description":"Professionelle Konferenzplanung mit \u00fcber 200 zufriedenen Teilnehmern, inkl. Transport, Unterkunft und Rahmenprogramm","og_url":"https:\/\/magic-croatia.hr\/de\/konferenzplanung\/","og_site_name":"Magic Croatia","article_modified_time":"2024-04-08T10:24:09+00:00","og_image":[{"width":1280,"height":854,"url":"https:\/\/magic-croatia.hr\/wp-content\/uploads\/2021\/05\/girl-622534_1280.jpg","type":"image\/jpeg"}],"twitter_card":"summary_large_image","twitter_misc":{"Gesch\u00e4tzte Lesezeit":"3 Minuten"},"schema":{"@context":"https:\/\/schema.org","@graph":[{"@type":"WebPage","@id":"https:\/\/magic-croatia.hr\/de\/konferenzplanung\/","url":"https:\/\/magic-croatia.hr\/de\/konferenzplanung\/","name":"Professionelle Konferenzplanung in Kroatien| Magic Croatia","isPartOf":{"@id":"https:\/\/magic-croatia.hr\/de\/#website"},"primaryImageOfPage":{"@id":"https:\/\/magic-croatia.hr\/de\/konferenzplanung\/#primaryimage"},"image":{"@id":"https:\/\/magic-croatia.hr\/de\/konferenzplanung\/#primaryimage"},"thumbnailUrl":"https:\/\/magic-croatia.hr\/wp-content\/uploads\/2021\/05\/girl-622534_1280.jpg","datePublished":"2024-03-06T13:29:36+00:00","dateModified":"2024-04-08T10:24:09+00:00","description":"Professionelle Konferenzplanung mit \u00fcber 200 zufriedenen Teilnehmern, inkl. Transport, Unterkunft und Rahmenprogramm","breadcrumb":{"@id":"https:\/\/magic-croatia.hr\/de\/konferenzplanung\/#breadcrumb"},"inLanguage":"de-DE","potentialAction":[{"@type":"ReadAction","target":["https:\/\/magic-croatia.hr\/de\/konferenzplanung\/"]}]},{"@type":"ImageObject","inLanguage":"de-DE","@id":"https:\/\/magic-croatia.hr\/de\/konferenzplanung\/#primaryimage","url":"https:\/\/magic-croatia.hr\/wp-content\/uploads\/2021\/05\/girl-622534_1280.jpg","contentUrl":"https:\/\/magic-croatia.hr\/wp-content\/uploads\/2021\/05\/girl-622534_1280.jpg","width":1280,"height":854},{"@type":"BreadcrumbList","@id":"https:\/\/magic-croatia.hr\/de\/konferenzplanung\/#breadcrumb","itemListElement":[{"@type":"ListItem","position":1,"name":"Home","item":"https:\/\/magic-croatia.hr\/de\/"},{"@type":"ListItem","position":2,"name":"Konferenzplanung"}]},{"@type":"WebSite","@id":"https:\/\/magic-croatia.hr\/de\/#website","url":"https:\/\/magic-croatia.hr\/de\/","name":"Magic Croatia","description":"Turisti\u010dka agencija","publisher":{"@id":"https:\/\/magic-croatia.hr\/de\/#organization"},"potentialAction":[{"@type":"SearchAction","target":{"@type":"EntryPoint","urlTemplate":"https:\/\/magic-croatia.hr\/de\/?s={search_term_string}"},"query-input":"required name=search_term_string"}],"inLanguage":"de-DE"},{"@type":"Organization","@id":"https:\/\/magic-croatia.hr\/de\/#organization","name":"Magic Croatia","url":"https:\/\/magic-croatia.hr\/de\/","logo":{"@type":"ImageObject","inLanguage":"de-DE","@id":"https:\/\/magic-croatia.hr\/de\/#\/schema\/logo\/image\/","url":"https:\/\/magic-croatia.hr\/wp-content\/uploads\/2019\/05\/magic-croatia-logo-final-02.png","contentUrl":"https:\/\/magic-croatia.hr\/wp-content\/uploads\/2019\/05\/magic-croatia-logo-final-02.png","width":2251,"height":697,"caption":"Magic Croatia"},"image":{"@id":"https:\/\/magic-croatia.hr\/de\/#\/schema\/logo\/image\/"}}]}},"_links":{"self":[{"href":"https:\/\/magic-croatia.hr\/de\/wp-json\/wp\/v2\/pages\/72125"}],"collection":[{"href":"https:\/\/magic-croatia.hr\/de\/wp-json\/wp\/v2\/pages"}],"about":[{"href":"https:\/\/magic-croatia.hr\/de\/wp-json\/wp\/v2\/types\/page"}],"author":[{"embeddable":true,"href":"https:\/\/magic-croatia.hr\/de\/wp-json\/wp\/v2\/users\/2"}],"replies":[{"embeddable":true,"href":"https:\/\/magic-croatia.hr\/de\/wp-json\/wp\/v2\/comments?post=72125"}],"version-history":[{"count":3,"href":"https:\/\/magic-croatia.hr\/de\/wp-json\/wp\/v2\/pages\/72125\/revisions"}],"predecessor-version":[{"id":73108,"href":"https:\/\/magic-croatia.hr\/de\/wp-json\/wp\/v2\/pages\/72125\/revisions\/73108"}],"wp:featuredmedia":[{"embeddable":true,"href":"https:\/\/magic-croatia.hr\/de\/wp-json\/wp\/v2\/media\/59170"}],"wp:attachment":[{"href":"https:\/\/magic-croatia.hr\/de\/wp-json\/wp\/v2\/media?parent=72125"}],"curies":[{"name":"wp","href":"https:\/\/api.w.org\/{rel}","templated":true}]}}