{"id":72073,"date":"2024-03-06T10:34:41","date_gmt":"2024-03-06T08:34:41","guid":{"rendered":"https:\/\/magic-croatia.hr\/?page_id=72073"},"modified":"2024-03-13T15:17:02","modified_gmt":"2024-03-13T13:17:02","slug":"wertgutschein","status":"publish","type":"page","link":"https:\/\/magic-croatia.hr\/de\/wertgutschein\/","title":{"rendered":"Wertgutschein"},"content":{"rendered":"<div class=\"wpb-content-wrapper\"><p>[vc_row full_width=&#8220;stretch_row_content&#8220; css=&#8220;.vc_custom_1706697811499{background-image: url(https:\/\/magic-croatia.hr\/wp-content\/uploads\/2024\/01\/poklon-bon.webp?id=71423) !important;background-position: center !important;background-repeat: no-repeat !important;background-size: cover !important;}&#8220;][vc_column][vc_empty_space height=&#8220;122px&#8220;][vc_row_inner][vc_column_inner width=&#8220;2\/3&#8243;][vc_column_text]<span style=\"color: #ffffff; font-size: 20px;\">GUTSCHEIN F\u00dcR BESONDERE ANL\u00c4SSE<\/span><\/p>\n<h1><span style=\"color: #ffffff; font-size: 36px;\">Verschenken Sie unvergessliche Momente mit unserem Wertgutschein<\/span><\/h1>\n<p><span style=\"color: #ffffff; font-size: 20px;\">Auf der Suche nach einem au\u00dfergew\u00f6hnlichen Geschenk, das bleibende Erinnerungen kreiert? Unser Erlebnisgutschein ist genau das Richtige! Machen Sie aus jedem Anlass ein Abenteuer und brechen Sie auf zu neuen Ufern. Perfekt geeignet f\u00fcr jede Gelegenheit, ob Geburtstag, Hochzeit oder als Zeichen echter Wertsch\u00e4tzung.<\/span>[\/vc_column_text][\/vc_column_inner][vc_column_inner width=&#8220;1\/3&#8243;][\/vc_column_inner][\/vc_row_inner][vc_empty_space height=&#8220;82px&#8220;][\/vc_column][\/vc_row][vc_row full_width=&#8220;stretch_row_content&#8220; css=&#8220;.vc_custom_1618403441572{background-color: #f7f7f7 !important;}&#8220;][vc_column][vc_empty_space height=&#8220;42px&#8220;][vc_column_text css=&#8220;.vc_custom_1709713085136{padding-right: 5% !important;padding-left: 5% !important;}&#8220;]<\/p>\n<p style=\"text-align: center;\"><span style=\"font-size: 22px;\">Warum sich mit traditionellen Geschenken zufriedengeben, wenn Sie etwas Besonderes schenken k\u00f6nnen? Ob es sich um einen spannenden virtuellen Spaziergang durch die historischen Stra\u00dfen von Zadar handelt, die Aufregung einer Quadfahrt auf unerforschten Pfaden, oder einen unvergesslichen Panoramaflug \u00fcber den Archipel von Zadar \u2013 unsere Gutscheine bieten Zugang zu einer Welt einzigartiger Erlebnisse.<br \/>\n<\/span><\/p>\n<p>[\/vc_column_text][vc_empty_space height=&#8220;22px&#8220;][\/vc_column][\/vc_row][vc_row full_width=&#8220;stretch_row_content&#8220;][vc_column][vc_empty_space][vc_row_inner equal_height=&#8220;yes&#8220; content_placement=&#8220;middle&#8220; gap=&#8220;15&#8243;][vc_column_inner width=&#8220;1\/2&#8243;][vc_empty_space height=&#8220;12px&#8220;][vc_column_text css=&#8220;.vc_custom_1709714348932{padding-right: 5% !important;padding-left: 5% !important;}&#8220;]<\/p>\n<h2 style=\"text-align: left; font-size: 34px;\">Wie kann ich den Wergutschein kaufen?<\/h2>\n<p style=\"text-align: left; font-size: 20px;\">Der Kaufprozess ist schnell und einfach \u2013 w\u00e4hlen Sie einfach \u00fcber unser Formular die Dienstleistungen aus, die Sie verschenken m\u00f6chten. Jeder Schritt wurde sorgf\u00e4ltig konzipiert, um Ihren individuellen Bed\u00fcrfnissen und W\u00fcnschen gerecht zu werden.<\/p>\n<p style=\"text-align: left; font-size: 20px;\">Nach dem Kauf k\u00f6nnen wir Ihnen den Geschenkgutschein direkt an Ihre E-Mail-Adresse versenden, oder Sie k\u00f6nnen ihn pers\u00f6nlich in unserem Reiseb\u00fcro in Zadar abholen. Unser Ziel ist es, maximale Flexibilit\u00e4t und Komfort f\u00fcr alle unsere Kunden zu gew\u00e4hrleisten.<\/p>\n<p>[\/vc_column_text][vc_column_text css_animation=&#8220;none&#8220; css=&#8220;.vc_custom_1709713977837{padding-right: 5% !important;padding-left: 5% !important;}&#8220;]<\/p>\n<h2 style=\"font-size: 24px; text-align: left;\">Nutzungsbedingungen des Wertgutscheins<\/h2>\n<hr \/>\n<ul>\n<li style=\"font-size: 16px; text-align: left;\">Jeder Wertgutschein wird auf den Namen und Nachnamen der Person ausgestellt, der Sie den Gutschein schenken m\u00f6chten..<\/li>\n<li style=\"font-size: 16px; text-align: left;\">Die Einl\u00f6sung des Gutscheins erfolgt, indem der Gutscheinempf\u00e4nger uns per E-Mail oder Telefon kontaktiert, um einen Termin zu vereinbaren und die spezifische Dienstleistung auszuw\u00e4hlen, f\u00fcr die der Gutschein verwendet werden soll.<\/li>\n<li style=\"font-size: 16px; text-align: left;\">Der Wertgutschein kann innerhalb eines Jahres ab Kaufdatum eingel\u00f6st werden.<\/li>\n<\/ul>\n<p>[\/vc_column_text][vc_empty_space height=&#8220;42px&#8220;][\/vc_column_inner][vc_column_inner width=&#8220;1\/2&#8243; css=&#8220;.vc_custom_1710335816774{padding-right: 5% !important;padding-bottom: 5% !important;padding-left: 10% !important;background-color: #f7f7f7 !important;}&#8220;][vc_wp_text]<\/p>\n<p style=\"text-align: left;\"><div class=\"frm_forms  with_frm_style frm_style_formidable-style\" id=\"frm_form_3_container\" data-token=\"76bf1c2dab4a9b81037e0a5667c77c97\">\n<form enctype=\"multipart\/form-data\" method=\"post\" class=\"frm-show-form \" id=\"form_wertgutschein\"  data-token=\"76bf1c2dab4a9b81037e0a5667c77c97\">\n<div class=\"frm_form_fields \">\n<fieldset>\n<legend class=\"frm_screen_reader\">Wertgutschein<\/legend>\r\n\r\n<div class=\"frm_fields_container\">\n<input type=\"hidden\" name=\"frm_action\" value=\"create\" \/>\n<input type=\"hidden\" name=\"form_id\" value=\"3\" \/>\n<input type=\"hidden\" name=\"frm_hide_fields_3\" id=\"frm_hide_fields_3\" value=\"\" \/>\n<input type=\"hidden\" name=\"form_key\" value=\"wertgutschein\" \/>\n<input type=\"hidden\" name=\"item_meta[0]\" value=\"\" \/>\n<input type=\"hidden\" id=\"frm_submit_entry_3\" name=\"frm_submit_entry_3\" value=\"7318c7ffbc\" \/><input type=\"hidden\" name=\"_wp_http_referer\" value=\"\/de\/wp-json\/wp\/v2\/pages\/72073\" \/><div id=\"frm_field_10_container\" class=\"frm_form_field form-field  frm_required_field frm_top_container\">\r\n    <label for=\"field_sdffo2\" id=\"field_sdffo2_label\" class=\"frm_primary_label\">Vor- und Nachname\r\n        <span class=\"frm_required\" aria-hidden=\"true\">*<\/span>\r\n    <\/label>\r\n    <input type=\"text\" id=\"field_sdffo2\" name=\"item_meta[10]\" value=\"\"  data-reqmsg=\"Vor- und Nachname cannot be blank.\" aria-required=\"true\" data-invmsg=\"Text is invalid\" aria-invalid=\"false\"  \/>\r\n    \r\n    \r\n<\/div>\n<div id=\"frm_field_11_container\" class=\"frm_form_field form-field  frm_required_field frm_top_container\">\r\n    <label for=\"field_3usgq2\" id=\"field_3usgq2_label\" class=\"frm_primary_label\">E-mail Adresse\r\n        <span class=\"frm_required\" aria-hidden=\"true\">*<\/span>\r\n    <\/label>\r\n    <input type=\"email\" id=\"field_3usgq2\" name=\"item_meta[11]\" value=\"\"  data-reqmsg=\"E-mail Adresse cannot be blank.\" aria-required=\"true\" data-invmsg=\"Email is invalid\" aria-invalid=\"false\"  \/>\r\n    \r\n    \r\n<\/div>\n<div id=\"frm_field_12_container\" class=\"frm_form_field form-field  frm_required_field frm_top_container\">\r\n    <label for=\"field_qh6ha2\" id=\"field_qh6ha2_label\" class=\"frm_primary_label\">Wertgutschein f\u00fcr\r\n        <span class=\"frm_required\" aria-hidden=\"true\">*<\/span>\r\n    <\/label>\r\n    \t\t<select name=\"item_meta[12]\" id=\"field_qh6ha2\"  data-frmval=\"Option w\u00e4hlen\" data-frmplaceholder=\"Option w\u00e4hlen\" placeholder=\"Option w\u00e4hlen\" data-reqmsg=\"Diese Feld kann nicht leer sein.\" aria-required=\"true\" data-invmsg=\"Wertgutschein f\u00fcr ist ung\u00fcltig\" aria-invalid=\"false\"  >\n\t\t<option  class=\"frm-select-placeholder\" value=\"\" data-placeholder=\"true\">Option w\u00e4hlen<\/option><option  value=\"Panoramaflug\">Panoramaflug<\/option><option  value=\"Quad-Tour Velebit\">Quad-Tour Velebit<\/option><option  value=\"Virtueller Rundgang durch Zadar\">Virtueller Rundgang durch Zadar<\/option><option  value=\"Quad-Tour Vransko See\">Quad-Tour Vransko See<\/option><option  value=\"Rafting \/ Kajak\">Rafting \/ Kajak<\/option>\t<\/select>\n\t\r\n    \r\n    \r\n<\/div>\n<div id=\"frm_field_18_container\" class=\"frm_form_field form-field  frm_top_container\">\r\n    <label for=\"field_1i1u2\" id=\"field_1i1u2_label\" class=\"frm_primary_label\">Haben Sie weitere Fragen?\r\n        <span class=\"frm_required\" aria-hidden=\"true\"><\/span>\r\n    <\/label>\r\n    <textarea name=\"item_meta[18]\" id=\"field_1i1u2\" rows=\"5\"  data-invmsg=\"Haben Sie weitere Fragen? ist ung\u00fcltig\" aria-invalid=\"false\"  ><\/textarea>\r\n    \r\n    \r\n<\/div>\n\t<input type=\"hidden\" name=\"item_key\" value=\"\" \/>\n\t\t\t\t<div class=\"frm__659d59dd2f747\">\n\t\t\t\t<label for=\"frm_email_3\" >\n\t\t\t\t\tFalls Du menschlich bist, lasse dieses Feld leer.\t\t\t\t<\/label>\n\t\t\t\t<input  id=\"frm_email_3\" type=\"text\" class=\"frm_verify\" name=\"frm__659d59dd2f747\" value=\"\" autocomplete=\"false\"  \/>\n\t\t\t<\/div>\n\t\t<div class=\"frm_submit frm_flex\">\r\n<button class=\"frm_button_submit\" type=\"submit\"  >Anfrage senden!<\/button>\r\n\r\n\r\n\r\n<\/div><\/div>\n<\/fieldset>\n<\/div>\n<\/form>\n<\/div>\n<p>[\/vc_wp_text][\/vc_column_inner][\/vc_row_inner][\/vc_column][\/vc_row]<\/p>\n<\/div>","protected":false},"excerpt":{"rendered":"<p>[vc_row full_width=&#8220;stretch_row_content&#8220; css=&#8220;.vc_custom_1706697811499{background-image: url(https:\/\/magic-croatia.hr\/wp-content\/uploads\/2024\/01\/poklon-bon.webp?id=71423) !important;background-position: center !important;background-repeat: no-repeat !important;background-size: cover !important;}&#8220;][vc_column][vc_empty_space height=&#8220;122px&#8220;][vc_row_inner][vc_column_inner width=&#8220;2\/3&#8243;][vc_column_text]GUTSCHEIN F\u00dcR BESONDERE ANL\u00c4SSE Verschenken Sie unvergessliche Momente mit unserem Wertgutschein Auf der Suche nach einem au\u00dfergew\u00f6hnlichen Geschenk, das bleibende Erinnerungen kreiert? Unser Erlebnisgutschein ist genau das Richtige! Machen Sie aus jedem Anlass ein Abenteuer und brechen Sie auf zu neuen Ufern. Perfekt [&hellip;]<\/p>\n","protected":false},"author":2,"featured_media":63473,"parent":0,"menu_order":0,"comment_status":"closed","ping_status":"closed","template":"template-home-modern.php","meta":{"footnotes":""},"yoast_head":"<!-- This site is optimized with the Yoast SEO plugin v22.4 - https:\/\/yoast.com\/wordpress\/plugins\/seo\/ -->\n<title>Wertgutschein f\u00fcr unvergessliche Erlebnisse | Magic Croatia<\/title>\n<meta name=\"description\" content=\"Mit Magic Croatia Wertgutschein unvergessliche Momente verschenken \u25ba Ob Hochzeit oder Geburtstag - das perfekte Geschenk f\u00fcr jeden Anlasss\" \/>\n<meta name=\"robots\" content=\"index, follow, max-snippet:-1, max-image-preview:large, max-video-preview:-1\" \/>\n<link rel=\"canonical\" href=\"https:\/\/magic-croatia.hr\/de\/wertgutschein\/\" \/>\n<meta property=\"og:locale\" content=\"de_DE\" \/>\n<meta property=\"og:type\" content=\"article\" \/>\n<meta property=\"og:title\" content=\"Wertgutschein f\u00fcr unvergessliche Erlebnisse | Magic Croatia\" \/>\n<meta property=\"og:description\" content=\"Mit Magic Croatia Wertgutschein unvergessliche Momente verschenken \u25ba Ob Hochzeit oder Geburtstag - das perfekte Geschenk f\u00fcr jeden Anlasss\" \/>\n<meta property=\"og:url\" content=\"https:\/\/magic-croatia.hr\/de\/wertgutschein\/\" \/>\n<meta property=\"og:site_name\" content=\"Magic Croatia\" \/>\n<meta property=\"article:modified_time\" content=\"2024-03-13T13:17:02+00:00\" \/>\n<meta property=\"og:image\" content=\"https:\/\/magic-croatia.hr\/wp-content\/uploads\/2020\/09\/hrvatsko-more-magic-crotia.jpg\" \/>\n\t<meta property=\"og:image:width\" content=\"800\" \/>\n\t<meta property=\"og:image:height\" content=\"536\" \/>\n\t<meta property=\"og:image:type\" content=\"image\/jpeg\" \/>\n<meta name=\"twitter:card\" content=\"summary_large_image\" \/>\n<meta name=\"twitter:label1\" content=\"Gesch\u00e4tzte Lesezeit\" \/>\n\t<meta name=\"twitter:data1\" content=\"2 Minuten\" \/>\n<script type=\"application\/ld+json\" class=\"yoast-schema-graph\">{\"@context\":\"https:\/\/schema.org\",\"@graph\":[{\"@type\":\"WebPage\",\"@id\":\"https:\/\/magic-croatia.hr\/de\/wertgutschein\/\",\"url\":\"https:\/\/magic-croatia.hr\/de\/wertgutschein\/\",\"name\":\"Wertgutschein f\u00fcr unvergessliche Erlebnisse | Magic Croatia\",\"isPartOf\":{\"@id\":\"https:\/\/magic-croatia.hr\/de\/#website\"},\"primaryImageOfPage\":{\"@id\":\"https:\/\/magic-croatia.hr\/de\/wertgutschein\/#primaryimage\"},\"image\":{\"@id\":\"https:\/\/magic-croatia.hr\/de\/wertgutschein\/#primaryimage\"},\"thumbnailUrl\":\"https:\/\/magic-croatia.hr\/wp-content\/uploads\/2020\/09\/hrvatsko-more-magic-crotia.jpg\",\"datePublished\":\"2024-03-06T08:34:41+00:00\",\"dateModified\":\"2024-03-13T13:17:02+00:00\",\"description\":\"Mit Magic Croatia Wertgutschein unvergessliche Momente verschenken \u25ba Ob Hochzeit oder Geburtstag - das perfekte Geschenk f\u00fcr jeden Anlasss\",\"breadcrumb\":{\"@id\":\"https:\/\/magic-croatia.hr\/de\/wertgutschein\/#breadcrumb\"},\"inLanguage\":\"de-DE\",\"potentialAction\":[{\"@type\":\"ReadAction\",\"target\":[\"https:\/\/magic-croatia.hr\/de\/wertgutschein\/\"]}]},{\"@type\":\"ImageObject\",\"inLanguage\":\"de-DE\",\"@id\":\"https:\/\/magic-croatia.hr\/de\/wertgutschein\/#primaryimage\",\"url\":\"https:\/\/magic-croatia.hr\/wp-content\/uploads\/2020\/09\/hrvatsko-more-magic-crotia.jpg\",\"contentUrl\":\"https:\/\/magic-croatia.hr\/wp-content\/uploads\/2020\/09\/hrvatsko-more-magic-crotia.jpg\",\"width\":800,\"height\":536},{\"@type\":\"BreadcrumbList\",\"@id\":\"https:\/\/magic-croatia.hr\/de\/wertgutschein\/#breadcrumb\",\"itemListElement\":[{\"@type\":\"ListItem\",\"position\":1,\"name\":\"Home\",\"item\":\"https:\/\/magic-croatia.hr\/de\/\"},{\"@type\":\"ListItem\",\"position\":2,\"name\":\"Wertgutschein\"}]},{\"@type\":\"WebSite\",\"@id\":\"https:\/\/magic-croatia.hr\/de\/#website\",\"url\":\"https:\/\/magic-croatia.hr\/de\/\",\"name\":\"Magic Croatia\",\"description\":\"Turisti\u010dka agencija\",\"publisher\":{\"@id\":\"https:\/\/magic-croatia.hr\/de\/#organization\"},\"potentialAction\":[{\"@type\":\"SearchAction\",\"target\":{\"@type\":\"EntryPoint\",\"urlTemplate\":\"https:\/\/magic-croatia.hr\/de\/?s={search_term_string}\"},\"query-input\":\"required name=search_term_string\"}],\"inLanguage\":\"de-DE\"},{\"@type\":\"Organization\",\"@id\":\"https:\/\/magic-croatia.hr\/de\/#organization\",\"name\":\"Magic Croatia\",\"url\":\"https:\/\/magic-croatia.hr\/de\/\",\"logo\":{\"@type\":\"ImageObject\",\"inLanguage\":\"de-DE\",\"@id\":\"https:\/\/magic-croatia.hr\/de\/#\/schema\/logo\/image\/\",\"url\":\"https:\/\/magic-croatia.hr\/wp-content\/uploads\/2019\/05\/magic-croatia-logo-final-02.png\",\"contentUrl\":\"https:\/\/magic-croatia.hr\/wp-content\/uploads\/2019\/05\/magic-croatia-logo-final-02.png\",\"width\":2251,\"height\":697,\"caption\":\"Magic Croatia\"},\"image\":{\"@id\":\"https:\/\/magic-croatia.hr\/de\/#\/schema\/logo\/image\/\"}}]}<\/script>\n<!-- \/ Yoast SEO plugin. -->","yoast_head_json":{"title":"Wertgutschein f\u00fcr unvergessliche Erlebnisse | Magic Croatia","description":"Mit Magic Croatia Wertgutschein unvergessliche Momente verschenken \u25ba Ob Hochzeit oder Geburtstag - das perfekte Geschenk f\u00fcr jeden Anlasss","robots":{"index":"index","follow":"follow","max-snippet":"max-snippet:-1","max-image-preview":"max-image-preview:large","max-video-preview":"max-video-preview:-1"},"canonical":"https:\/\/magic-croatia.hr\/de\/wertgutschein\/","og_locale":"de_DE","og_type":"article","og_title":"Wertgutschein f\u00fcr unvergessliche Erlebnisse | Magic Croatia","og_description":"Mit Magic Croatia Wertgutschein unvergessliche Momente verschenken \u25ba Ob Hochzeit oder Geburtstag - das perfekte Geschenk f\u00fcr jeden Anlasss","og_url":"https:\/\/magic-croatia.hr\/de\/wertgutschein\/","og_site_name":"Magic Croatia","article_modified_time":"2024-03-13T13:17:02+00:00","og_image":[{"width":800,"height":536,"url":"https:\/\/magic-croatia.hr\/wp-content\/uploads\/2020\/09\/hrvatsko-more-magic-crotia.jpg","type":"image\/jpeg"}],"twitter_card":"summary_large_image","twitter_misc":{"Gesch\u00e4tzte Lesezeit":"2 Minuten"},"schema":{"@context":"https:\/\/schema.org","@graph":[{"@type":"WebPage","@id":"https:\/\/magic-croatia.hr\/de\/wertgutschein\/","url":"https:\/\/magic-croatia.hr\/de\/wertgutschein\/","name":"Wertgutschein f\u00fcr unvergessliche Erlebnisse | Magic Croatia","isPartOf":{"@id":"https:\/\/magic-croatia.hr\/de\/#website"},"primaryImageOfPage":{"@id":"https:\/\/magic-croatia.hr\/de\/wertgutschein\/#primaryimage"},"image":{"@id":"https:\/\/magic-croatia.hr\/de\/wertgutschein\/#primaryimage"},"thumbnailUrl":"https:\/\/magic-croatia.hr\/wp-content\/uploads\/2020\/09\/hrvatsko-more-magic-crotia.jpg","datePublished":"2024-03-06T08:34:41+00:00","dateModified":"2024-03-13T13:17:02+00:00","description":"Mit Magic Croatia Wertgutschein unvergessliche Momente verschenken \u25ba Ob Hochzeit oder Geburtstag - das perfekte Geschenk f\u00fcr jeden Anlasss","breadcrumb":{"@id":"https:\/\/magic-croatia.hr\/de\/wertgutschein\/#breadcrumb"},"inLanguage":"de-DE","potentialAction":[{"@type":"ReadAction","target":["https:\/\/magic-croatia.hr\/de\/wertgutschein\/"]}]},{"@type":"ImageObject","inLanguage":"de-DE","@id":"https:\/\/magic-croatia.hr\/de\/wertgutschein\/#primaryimage","url":"https:\/\/magic-croatia.hr\/wp-content\/uploads\/2020\/09\/hrvatsko-more-magic-crotia.jpg","contentUrl":"https:\/\/magic-croatia.hr\/wp-content\/uploads\/2020\/09\/hrvatsko-more-magic-crotia.jpg","width":800,"height":536},{"@type":"BreadcrumbList","@id":"https:\/\/magic-croatia.hr\/de\/wertgutschein\/#breadcrumb","itemListElement":[{"@type":"ListItem","position":1,"name":"Home","item":"https:\/\/magic-croatia.hr\/de\/"},{"@type":"ListItem","position":2,"name":"Wertgutschein"}]},{"@type":"WebSite","@id":"https:\/\/magic-croatia.hr\/de\/#website","url":"https:\/\/magic-croatia.hr\/de\/","name":"Magic Croatia","description":"Turisti\u010dka agencija","publisher":{"@id":"https:\/\/magic-croatia.hr\/de\/#organization"},"potentialAction":[{"@type":"SearchAction","target":{"@type":"EntryPoint","urlTemplate":"https:\/\/magic-croatia.hr\/de\/?s={search_term_string}"},"query-input":"required name=search_term_string"}],"inLanguage":"de-DE"},{"@type":"Organization","@id":"https:\/\/magic-croatia.hr\/de\/#organization","name":"Magic Croatia","url":"https:\/\/magic-croatia.hr\/de\/","logo":{"@type":"ImageObject","inLanguage":"de-DE","@id":"https:\/\/magic-croatia.hr\/de\/#\/schema\/logo\/image\/","url":"https:\/\/magic-croatia.hr\/wp-content\/uploads\/2019\/05\/magic-croatia-logo-final-02.png","contentUrl":"https:\/\/magic-croatia.hr\/wp-content\/uploads\/2019\/05\/magic-croatia-logo-final-02.png","width":2251,"height":697,"caption":"Magic Croatia"},"image":{"@id":"https:\/\/magic-croatia.hr\/de\/#\/schema\/logo\/image\/"}}]}},"_links":{"self":[{"href":"https:\/\/magic-croatia.hr\/de\/wp-json\/wp\/v2\/pages\/72073"}],"collection":[{"href":"https:\/\/magic-croatia.hr\/de\/wp-json\/wp\/v2\/pages"}],"about":[{"href":"https:\/\/magic-croatia.hr\/de\/wp-json\/wp\/v2\/types\/page"}],"author":[{"embeddable":true,"href":"https:\/\/magic-croatia.hr\/de\/wp-json\/wp\/v2\/users\/2"}],"replies":[{"embeddable":true,"href":"https:\/\/magic-croatia.hr\/de\/wp-json\/wp\/v2\/comments?post=72073"}],"version-history":[{"count":7,"href":"https:\/\/magic-croatia.hr\/de\/wp-json\/wp\/v2\/pages\/72073\/revisions"}],"predecessor-version":[{"id":72273,"href":"https:\/\/magic-croatia.hr\/de\/wp-json\/wp\/v2\/pages\/72073\/revisions\/72273"}],"wp:featuredmedia":[{"embeddable":true,"href":"https:\/\/magic-croatia.hr\/de\/wp-json\/wp\/v2\/media\/63473"}],"wp:attachment":[{"href":"https:\/\/magic-croatia.hr\/de\/wp-json\/wp\/v2\/media?parent=72073"}],"curies":[{"name":"wp","href":"https:\/\/api.w.org\/{rel}","templated":true}]}}