{"id":59456,"date":"2021-02-15T12:48:27","date_gmt":"2021-02-15T10:48:27","guid":{"rendered":"https:\/\/magic-croatia.hr\/transferi-turista\/"},"modified":"2024-03-21T13:42:46","modified_gmt":"2024-03-21T11:42:46","slug":"transfers-zadar","status":"publish","type":"page","link":"https:\/\/magic-croatia.hr\/de\/transfers-zadar\/","title":{"rendered":"Transfers Zadar"},"content":{"rendered":"<div class=\"wpb-content-wrapper\"><p>[vc_row full_width=&#8220;stretch_row_content&#8220; css=&#8220;.vc_custom_1643657240946{background-image: url(https:\/\/magic-croatia.hr\/wp-content\/uploads\/2022\/01\/Slika-20-scaled.jpg?id=59596) !important;background-position: center !important;background-repeat: no-repeat !important;background-size: cover !important;}&#8220;][vc_column][vc_empty_space height=&#8220;122px&#8220;][vc_row_inner][vc_column_inner width=&#8220;2\/3&#8243;][vc_column_text]<span style=\"font-size: 18px; color: #ffffff;\"><strong>TRANSFERS ZU DEN GEW\u00dcNSCHTEN DESTINATIONEN<\/strong><\/span><\/p>\n<h1><span style=\"font-size: 38px; color: #ffffff;\">Brauchen Sie einen Transfer? Sie wissen, wo Sie hinm\u00f6chten, haben aber kein Transportmittel?<br \/>\n<\/span><\/h1>\n<p><span style=\"font-size: 18px; color: #ffffff;\">F\u00fcr Sie haben wir <strong>Transporte zu den gew\u00fcnschten Orten und Destinationen<\/strong>.<br \/>\nWir bieten Ihnen erstklassigen Service zum besten Preis. Deshalb warten Sie nicht, <strong>reservieren Sie sofort ihren sicheren und komfortablen Transfer.<\/strong>.<\/span>[\/vc_column_text][\/vc_column_inner][vc_column_inner width=&#8220;1\/3&#8243;][\/vc_column_inner][\/vc_row_inner][vc_empty_space height=&#8220;12px&#8220;][vc_btn title=&#8220;Zum Angebot&#8220; style=&#8220;flat&#8220; shape=&#8220;round&#8220; color=&#8220;primary&#8220; i_icon_fontawesome=&#8220;fas fa-arrow-alt-circle-right&#8220; css_animation=&#8220;bounceIn&#8220; add_icon=&#8220;true&#8220; link=&#8220;url:%23top-ponuda&#8220;][vc_empty_space height=&#8220;82px&#8220;][\/vc_column][\/vc_row][vc_row full_width=&#8220;stretch_row_content&#8220; css=&#8220;.vc_custom_1618403441572{background-color: #f7f7f7 !important;}&#8220;][vc_column][vc_empty_space height=&#8220;42px&#8220;][vc_column_text css=&#8220;.vc_custom_1643624807074{padding-right: 5% !important;padding-left: 5% !important;}&#8220;]<\/p>\n<p style=\"text-align: center;\"><span style=\"font-size: 24px;\">Sehen Sie sich unsere Preise an, <strong>w\u00e4hlen Sie einen Transfer<\/strong>, der Ihnen entspricht und schicken Sie uns eine Anfrage. Wir werden Ihnen<strong> schnellstm\u00f6glich antworten<\/strong>.<\/span><\/p>\n<p>[\/vc_column_text][vc_empty_space height=&#8220;22px&#8220;][\/vc_column][\/vc_row][vc_row][vc_column][vc_empty_space height=&#8220;42px&#8220; el_id=&#8220;top-ponuda&#8220; el_class=&#8220;top-ponuda&#8220;][vc_column_text]<\/p>\n<h2 style=\"text-align: center; font-size: 34px;\">Alle Transfers im Angebot<\/h2>\n<p>[\/vc_column_text][vc_empty_space height=&#8220;42px&#8220;][vc_row_inner][vc_column_inner width=&#8220;1\/2&#8243;]<div class=\"st-offer-new item has-matchHeight\">\r\n    <div class=\"featured-text btn btn-primary\">UNBEK\u00dcMMERT ZUM AUSFLUG<\/div><h2 class=\"item-title\">Transfer zum Ausflug<\/h2><p class=\"item-sub-title\">(max. 4 Stunden Wartezeit)<\/p><a href=\"#kontakt\" class=\"btn btn-default\" >Reservieren Sie Ihren Termin<\/a>    <div class=\"img-cover st_1777658562\"><\/div>\r\n<\/div>\r\n[vc_empty_space height=&#8220;12px&#8220;][\/vc_column_inner][vc_column_inner width=&#8220;1\/2&#8243;]<div class=\"st-offer-new item has-matchHeight\">\r\n    <div class=\"featured-text btn btn-primary\">STADTBESICHTIGUNG<\/div><h2 class=\"item-title\">Transfer zur bestimmten Stadt<\/h2><p class=\"item-sub-title\">.<\/p><a href=\"#kontakt\" class=\"btn btn-default\" >Reservieren Sie Ihren Termin<\/a>    <div class=\"img-cover st_1777658563\"><\/div>\r\n<\/div>\r\n[vc_empty_space height=&#8220;12px&#8220;][\/vc_column_inner][\/vc_row_inner][vc_row_inner][vc_column_inner width=&#8220;1\/2&#8243;]<div class=\"st-offer-new item has-matchHeight\">\r\n    <div class=\"featured-text btn btn-primary\">TRANSFER AUS ZADAR<\/div><h2 class=\"item-title\">Transport zwischen den St\u00e4dten und zur\u00fcck nach Zadar<\/h2><p class=\"item-sub-title\">(3 Stunden Wartezeit in der Stadt)<\/p><a href=\"#kontakt\" class=\"btn btn-default\" >Reservieren Sie Ihren Termin<\/a>    <div class=\"img-cover st_1777658564\"><\/div>\r\n<\/div>\r\n[vc_empty_space height=&#8220;12px&#8220;][\/vc_column_inner][vc_column_inner width=&#8220;1\/2&#8243;]<div class=\"st-offer-new item has-matchHeight\">\r\n    <div class=\"featured-text btn btn-primary\">AUS DEM FLUGZEUG NACH ZADAR<\/div><h2 class=\"item-title\">Aus Zadar zu Flugh\u00e4fen<\/h2><p class=\"item-sub-title\">.<\/p><a href=\"#kontakt\" class=\"btn btn-default\" >Reservieren Sie Ihren Termin<\/a>    <div class=\"img-cover st_1777658565\"><\/div>\r\n<\/div>\r\n[vc_empty_space height=&#8220;12px&#8220;][\/vc_column_inner][\/vc_row_inner][vc_empty_space height=&#8220;42px&#8220;][\/vc_column][\/vc_row][vc_row full_width=&#8220;stretch_row_content_no_spaces&#8220; css=&#8220;.vc_custom_1621178342116{background-color: #f9f9f9 !important;}&#8220;][vc_column][vc_row_inner][vc_column_inner width=&#8220;2\/3&#8243;][vc_empty_space][vc_column_text css=&#8220;.vc_custom_1711021327963{padding-right: 5% !important;padding-left: 5% !important;}&#8220;]<\/p>\n<h2 style=\"font-size: 34px;\">Warum sollten Sie mit uns reisen?<\/h2>\n<hr \/>\n<p style=\"font-size: 20px;\">Wir passen den Transfer nach den W\u00fcnschen der Kunden an und alle Personenbef\u00f6rderungen werden mit hochwertigen Fahrzeugen der neuen Generation vorgenommen. Die Fahrzeuge sind f\u00fcr alle Fahrg\u00e4ste komfortabel und sicher ausgestattet und Berufskraftfahrer sind f\u00fcr h\u00f6chste Entspanntheit und Sicherheit w\u00e4hrend der Fahrt verantwortlich.<\/p>\n<p>[\/vc_column_text][vc_empty_space][\/vc_column_inner][vc_column_inner width=&#8220;1\/3&#8243; css=&#8220;.vc_custom_1621178296822{background-color: #1a2b48 !important;}&#8220;][vc_empty_space][vc_column_text css_animation=&#8220;bounceInUp&#8220; css=&#8220;.vc_custom_1643625542686{padding-right: 5% !important;padding-left: 5% !important;}&#8220;]<\/p>\n<h2 style=\"font-size: 34px; text-align: center;\"><span style=\"color: #ffffff;\">1.246 Inseln, Kleininseln und Klippen<\/span><\/h2>\n<hr \/>\n<p style=\"font-size: 17px; text-align: center;\"><span style=\"color: #ffffff;\">Kroatien hat eine der meistgegliederten K\u00fcsten Europas mit sogar 1.246 Inseln, Kleininseln und Klippen, die die wundersch\u00f6ne K\u00fcste Kroatiens zieren<\/span><\/p>\n<p>[\/vc_column_text][vc_empty_space height=&#8220;22px&#8220;][vc_empty_space height=&#8220;22px&#8220;][\/vc_column_inner][\/vc_row_inner][\/vc_column][\/vc_row][vc_row full_width=&#8220;stretch_row_content&#8220; equal_height=&#8220;yes&#8220; content_placement=&#8220;middle&#8220;][vc_column][vc_empty_space height=&#8220;42px&#8220; el_class=&#8220;kontakt&#8220; el_id=&#8220;kontakt&#8220;][vc_empty_space height=&#8220;42px&#8220; el_class=&#8220;kontakt&#8220;][vc_row_inner][vc_column_inner width=&#8220;1\/2&#8243;][vc_empty_space height=&#8220;12px&#8220;][vc_column_text]<\/p>\n<p style=\"font-size: 34px; text-align: left;\">Kontaktieren Sie uns<\/p>\n<p>[\/vc_column_text][vc_column_text css=&#8220;.vc_custom_1711021296558{padding-right: 5% !important;}&#8220;]<\/p>\n<p style=\"font-size: 20px; text-align: left;\">Egal wo und wann Sie Ihre Reise oder Ihren Ausflug planieren, unser Transferservice kann Sie zu den gew\u00fcnschten Locations zu gew\u00fcnschten Zeiten bringen. Schicken Sie uns eine Anfrage und begeben Sie sich in ein wundervolles Abenteuer<strong> in ganz Kroatien<\/strong>.<br \/>\n<strong>Das Formular befindet sich im Anschluss.<\/strong><\/p>\n<p>[\/vc_column_text][vc_empty_space height=&#8220;42px&#8220;][\/vc_column_inner][vc_column_inner width=&#8220;1\/2&#8243;][vc_empty_space height=&#8220;12px&#8220;]\n<div class=\"wpcf7 no-js\" id=\"wpcf7-f59764-o1\" lang=\"hr\" dir=\"ltr\">\n<div class=\"screen-reader-response\"><p role=\"status\" aria-live=\"polite\" aria-atomic=\"true\"><\/p> <ul><\/ul><\/div>\n<form action=\"\/de\/wp-json\/wp\/v2\/pages\/59456#wpcf7-f59764-o1\" method=\"post\" class=\"wpcf7-form init\" aria-label=\"Kontakt obrazac\" novalidate=\"novalidate\" data-status=\"init\">\n<div style=\"display: none;\">\n<input type=\"hidden\" name=\"_wpcf7\" value=\"59764\" \/>\n<input type=\"hidden\" name=\"_wpcf7_version\" value=\"5.9.3\" \/>\n<input type=\"hidden\" name=\"_wpcf7_locale\" value=\"hr\" \/>\n<input type=\"hidden\" name=\"_wpcf7_unit_tag\" value=\"wpcf7-f59764-o1\" \/>\n<input type=\"hidden\" name=\"_wpcf7_container_post\" value=\"0\" \/>\n<input type=\"hidden\" name=\"_wpcf7_posted_data_hash\" value=\"\" \/>\n<\/div>\n<p><span class=\"wpcf7-form-control-wrap\" data-name=\"your-name\"><input size=\"40\" class=\"wpcf7-form-control wpcf7-text\" aria-invalid=\"false\" placeholder=\"Ihr Name\" value=\"\" type=\"text\" name=\"your-name\" \/><\/span><br \/>\n<span class=\"wpcf7-form-control-wrap\" data-name=\"your-email\"><input size=\"40\" class=\"wpcf7-form-control wpcf7-email wpcf7-validates-as-required wpcf7-text wpcf7-validates-as-email\" aria-required=\"true\" aria-invalid=\"false\" placeholder=\"Ihre E-Mail-Adresse*\" value=\"\" type=\"email\" name=\"your-email\" \/><\/span><br \/>\n<span class=\"wpcf7-form-control-wrap\" data-name=\"your-location\"><input size=\"40\" class=\"wpcf7-form-control wpcf7-text wpcf7-validates-as-required\" aria-required=\"true\" aria-invalid=\"false\" placeholder=\"Geben Sie den Abfahrts und Zielort ein*\" value=\"\" type=\"text\" name=\"your-location\" \/><\/span><br \/>\n<span class=\"wpcf7-form-control-wrap\" data-name=\"your-message\"><textarea cols=\"40\" rows=\"10\" class=\"wpcf7-form-control wpcf7-textarea wpcf7-validates-as-required\" aria-required=\"true\" aria-invalid=\"false\" placeholder=\"Wann und f\u00fcr wie viele Personen ben\u00f6tigen Sie einen Transport?*\" name=\"your-message\"><\/textarea><\/span>\n<\/p>\n<p><input class=\"wpcf7-form-control wpcf7-submit has-spinner\" type=\"submit\" value=\"ANFRAGE SENDEN\" \/>\n<\/p><div class=\"wpcf7-response-output\" aria-hidden=\"true\"><\/div>\n<\/form>\n<\/div>\n[vc_empty_space height=&#8220;42px&#8220;][\/vc_column_inner][\/vc_row_inner][vc_empty_space height=&#8220;52px&#8220;][\/vc_column][\/vc_row]<\/p>\n<\/div>","protected":false},"excerpt":{"rendered":"<p>[vc_row full_width=&#8220;stretch_row_content&#8220; css=&#8220;.vc_custom_1643657240946{background-image: url(https:\/\/magic-croatia.hr\/wp-content\/uploads\/2022\/01\/Slika-20-scaled.jpg?id=59596) !important;background-position: center !important;background-repeat: no-repeat !important;background-size: cover !important;}&#8220;][vc_column][vc_empty_space height=&#8220;122px&#8220;][vc_row_inner][vc_column_inner width=&#8220;2\/3&#8243;][vc_column_text]TRANSFERS ZU DEN GEW\u00dcNSCHTEN DESTINATIONEN Brauchen Sie einen Transfer? Sie wissen, wo Sie hinm\u00f6chten, haben aber kein Transportmittel? F\u00fcr Sie haben wir Transporte zu den gew\u00fcnschten Orten und Destinationen. Wir bieten Ihnen erstklassigen Service zum besten Preis. Deshalb warten Sie nicht, reservieren Sie [&hellip;]<\/p>\n","protected":false},"author":2,"featured_media":57529,"parent":0,"menu_order":0,"comment_status":"closed","ping_status":"closed","template":"template-home-modern.php","meta":{"footnotes":""},"yoast_head":"<!-- This site is optimized with the Yoast SEO plugin v22.4 - https:\/\/yoast.com\/wordpress\/plugins\/seo\/ -->\n<title>Transfer in Zadar | Magic Croatia<\/title>\n<meta name=\"description\" content=\"Sichern Sie sich Ihren Transfer zu den gew\u00fcnschten Zielen mit Magic Croatia: erstklassiger Service, beste Preise. Buchen Sie jetzt f\u00fcr Komfort auf Reisen.\" \/>\n<meta name=\"robots\" content=\"index, follow, max-snippet:-1, max-image-preview:large, max-video-preview:-1\" \/>\n<link rel=\"canonical\" href=\"https:\/\/magic-croatia.hr\/de\/transfers-zadar\/\" \/>\n<meta property=\"og:locale\" content=\"de_DE\" \/>\n<meta property=\"og:type\" content=\"article\" \/>\n<meta property=\"og:title\" content=\"Transfer in Zadar | Magic Croatia\" \/>\n<meta property=\"og:description\" content=\"Sichern Sie sich Ihren Transfer zu den gew\u00fcnschten Zielen mit Magic Croatia: erstklassiger Service, beste Preise. Buchen Sie jetzt f\u00fcr Komfort auf Reisen.\" \/>\n<meta property=\"og:url\" content=\"https:\/\/magic-croatia.hr\/de\/transfers-zadar\/\" \/>\n<meta property=\"og:site_name\" content=\"Magic Croatia\" \/>\n<meta property=\"article:modified_time\" content=\"2024-03-21T11:42:46+00:00\" \/>\n<meta property=\"og:image\" content=\"https:\/\/magic-croatia.hr\/wp-content\/uploads\/2021\/05\/kornati-boat-tour-long-island-Magic-Croatia-Copy.jpg\" \/>\n\t<meta property=\"og:image:width\" content=\"800\" \/>\n\t<meta property=\"og:image:height\" content=\"600\" \/>\n\t<meta property=\"og:image:type\" content=\"image\/jpeg\" \/>\n<meta name=\"twitter:card\" content=\"summary_large_image\" \/>\n<meta name=\"twitter:label1\" content=\"Gesch\u00e4tzte Lesezeit\" \/>\n\t<meta name=\"twitter:data1\" content=\"3 Minuten\" \/>\n<script type=\"application\/ld+json\" class=\"yoast-schema-graph\">{\"@context\":\"https:\/\/schema.org\",\"@graph\":[{\"@type\":\"WebPage\",\"@id\":\"https:\/\/magic-croatia.hr\/de\/transfers-zadar\/\",\"url\":\"https:\/\/magic-croatia.hr\/de\/transfers-zadar\/\",\"name\":\"Transfer in Zadar | Magic Croatia\",\"isPartOf\":{\"@id\":\"https:\/\/magic-croatia.hr\/de\/#website\"},\"primaryImageOfPage\":{\"@id\":\"https:\/\/magic-croatia.hr\/de\/transfers-zadar\/#primaryimage\"},\"image\":{\"@id\":\"https:\/\/magic-croatia.hr\/de\/transfers-zadar\/#primaryimage\"},\"thumbnailUrl\":\"https:\/\/magic-croatia.hr\/wp-content\/uploads\/2021\/05\/kornati-boat-tour-long-island-Magic-Croatia-Copy.jpg\",\"datePublished\":\"2021-02-15T10:48:27+00:00\",\"dateModified\":\"2024-03-21T11:42:46+00:00\",\"description\":\"Sichern Sie sich Ihren Transfer zu den gew\u00fcnschten Zielen mit Magic Croatia: erstklassiger Service, beste Preise. Buchen Sie jetzt f\u00fcr Komfort auf Reisen.\",\"breadcrumb\":{\"@id\":\"https:\/\/magic-croatia.hr\/de\/transfers-zadar\/#breadcrumb\"},\"inLanguage\":\"de-DE\",\"potentialAction\":[{\"@type\":\"ReadAction\",\"target\":[\"https:\/\/magic-croatia.hr\/de\/transfers-zadar\/\"]}]},{\"@type\":\"ImageObject\",\"inLanguage\":\"de-DE\",\"@id\":\"https:\/\/magic-croatia.hr\/de\/transfers-zadar\/#primaryimage\",\"url\":\"https:\/\/magic-croatia.hr\/wp-content\/uploads\/2021\/05\/kornati-boat-tour-long-island-Magic-Croatia-Copy.jpg\",\"contentUrl\":\"https:\/\/magic-croatia.hr\/wp-content\/uploads\/2021\/05\/kornati-boat-tour-long-island-Magic-Croatia-Copy.jpg\",\"width\":800,\"height\":600},{\"@type\":\"BreadcrumbList\",\"@id\":\"https:\/\/magic-croatia.hr\/de\/transfers-zadar\/#breadcrumb\",\"itemListElement\":[{\"@type\":\"ListItem\",\"position\":1,\"name\":\"Home\",\"item\":\"https:\/\/magic-croatia.hr\/de\/\"},{\"@type\":\"ListItem\",\"position\":2,\"name\":\"Transfers Zadar\"}]},{\"@type\":\"WebSite\",\"@id\":\"https:\/\/magic-croatia.hr\/de\/#website\",\"url\":\"https:\/\/magic-croatia.hr\/de\/\",\"name\":\"Magic Croatia\",\"description\":\"Turisti\u010dka agencija\",\"publisher\":{\"@id\":\"https:\/\/magic-croatia.hr\/de\/#organization\"},\"potentialAction\":[{\"@type\":\"SearchAction\",\"target\":{\"@type\":\"EntryPoint\",\"urlTemplate\":\"https:\/\/magic-croatia.hr\/de\/?s={search_term_string}\"},\"query-input\":\"required name=search_term_string\"}],\"inLanguage\":\"de-DE\"},{\"@type\":\"Organization\",\"@id\":\"https:\/\/magic-croatia.hr\/de\/#organization\",\"name\":\"Magic Croatia\",\"url\":\"https:\/\/magic-croatia.hr\/de\/\",\"logo\":{\"@type\":\"ImageObject\",\"inLanguage\":\"de-DE\",\"@id\":\"https:\/\/magic-croatia.hr\/de\/#\/schema\/logo\/image\/\",\"url\":\"https:\/\/magic-croatia.hr\/wp-content\/uploads\/2019\/05\/magic-croatia-logo-final-02.png\",\"contentUrl\":\"https:\/\/magic-croatia.hr\/wp-content\/uploads\/2019\/05\/magic-croatia-logo-final-02.png\",\"width\":2251,\"height\":697,\"caption\":\"Magic Croatia\"},\"image\":{\"@id\":\"https:\/\/magic-croatia.hr\/de\/#\/schema\/logo\/image\/\"}}]}<\/script>\n<!-- \/ Yoast SEO plugin. -->","yoast_head_json":{"title":"Transfer in Zadar | Magic Croatia","description":"Sichern Sie sich Ihren Transfer zu den gew\u00fcnschten Zielen mit Magic Croatia: erstklassiger Service, beste Preise. Buchen Sie jetzt f\u00fcr Komfort auf Reisen.","robots":{"index":"index","follow":"follow","max-snippet":"max-snippet:-1","max-image-preview":"max-image-preview:large","max-video-preview":"max-video-preview:-1"},"canonical":"https:\/\/magic-croatia.hr\/de\/transfers-zadar\/","og_locale":"de_DE","og_type":"article","og_title":"Transfer in Zadar | Magic Croatia","og_description":"Sichern Sie sich Ihren Transfer zu den gew\u00fcnschten Zielen mit Magic Croatia: erstklassiger Service, beste Preise. Buchen Sie jetzt f\u00fcr Komfort auf Reisen.","og_url":"https:\/\/magic-croatia.hr\/de\/transfers-zadar\/","og_site_name":"Magic Croatia","article_modified_time":"2024-03-21T11:42:46+00:00","og_image":[{"width":800,"height":600,"url":"https:\/\/magic-croatia.hr\/wp-content\/uploads\/2021\/05\/kornati-boat-tour-long-island-Magic-Croatia-Copy.jpg","type":"image\/jpeg"}],"twitter_card":"summary_large_image","twitter_misc":{"Gesch\u00e4tzte Lesezeit":"3 Minuten"},"schema":{"@context":"https:\/\/schema.org","@graph":[{"@type":"WebPage","@id":"https:\/\/magic-croatia.hr\/de\/transfers-zadar\/","url":"https:\/\/magic-croatia.hr\/de\/transfers-zadar\/","name":"Transfer in Zadar | Magic Croatia","isPartOf":{"@id":"https:\/\/magic-croatia.hr\/de\/#website"},"primaryImageOfPage":{"@id":"https:\/\/magic-croatia.hr\/de\/transfers-zadar\/#primaryimage"},"image":{"@id":"https:\/\/magic-croatia.hr\/de\/transfers-zadar\/#primaryimage"},"thumbnailUrl":"https:\/\/magic-croatia.hr\/wp-content\/uploads\/2021\/05\/kornati-boat-tour-long-island-Magic-Croatia-Copy.jpg","datePublished":"2021-02-15T10:48:27+00:00","dateModified":"2024-03-21T11:42:46+00:00","description":"Sichern Sie sich Ihren Transfer zu den gew\u00fcnschten Zielen mit Magic Croatia: erstklassiger Service, beste Preise. Buchen Sie jetzt f\u00fcr Komfort auf Reisen.","breadcrumb":{"@id":"https:\/\/magic-croatia.hr\/de\/transfers-zadar\/#breadcrumb"},"inLanguage":"de-DE","potentialAction":[{"@type":"ReadAction","target":["https:\/\/magic-croatia.hr\/de\/transfers-zadar\/"]}]},{"@type":"ImageObject","inLanguage":"de-DE","@id":"https:\/\/magic-croatia.hr\/de\/transfers-zadar\/#primaryimage","url":"https:\/\/magic-croatia.hr\/wp-content\/uploads\/2021\/05\/kornati-boat-tour-long-island-Magic-Croatia-Copy.jpg","contentUrl":"https:\/\/magic-croatia.hr\/wp-content\/uploads\/2021\/05\/kornati-boat-tour-long-island-Magic-Croatia-Copy.jpg","width":800,"height":600},{"@type":"BreadcrumbList","@id":"https:\/\/magic-croatia.hr\/de\/transfers-zadar\/#breadcrumb","itemListElement":[{"@type":"ListItem","position":1,"name":"Home","item":"https:\/\/magic-croatia.hr\/de\/"},{"@type":"ListItem","position":2,"name":"Transfers Zadar"}]},{"@type":"WebSite","@id":"https:\/\/magic-croatia.hr\/de\/#website","url":"https:\/\/magic-croatia.hr\/de\/","name":"Magic Croatia","description":"Turisti\u010dka agencija","publisher":{"@id":"https:\/\/magic-croatia.hr\/de\/#organization"},"potentialAction":[{"@type":"SearchAction","target":{"@type":"EntryPoint","urlTemplate":"https:\/\/magic-croatia.hr\/de\/?s={search_term_string}"},"query-input":"required name=search_term_string"}],"inLanguage":"de-DE"},{"@type":"Organization","@id":"https:\/\/magic-croatia.hr\/de\/#organization","name":"Magic Croatia","url":"https:\/\/magic-croatia.hr\/de\/","logo":{"@type":"ImageObject","inLanguage":"de-DE","@id":"https:\/\/magic-croatia.hr\/de\/#\/schema\/logo\/image\/","url":"https:\/\/magic-croatia.hr\/wp-content\/uploads\/2019\/05\/magic-croatia-logo-final-02.png","contentUrl":"https:\/\/magic-croatia.hr\/wp-content\/uploads\/2019\/05\/magic-croatia-logo-final-02.png","width":2251,"height":697,"caption":"Magic Croatia"},"image":{"@id":"https:\/\/magic-croatia.hr\/de\/#\/schema\/logo\/image\/"}}]}},"_links":{"self":[{"href":"https:\/\/magic-croatia.hr\/de\/wp-json\/wp\/v2\/pages\/59456"}],"collection":[{"href":"https:\/\/magic-croatia.hr\/de\/wp-json\/wp\/v2\/pages"}],"about":[{"href":"https:\/\/magic-croatia.hr\/de\/wp-json\/wp\/v2\/types\/page"}],"author":[{"embeddable":true,"href":"https:\/\/magic-croatia.hr\/de\/wp-json\/wp\/v2\/users\/2"}],"replies":[{"embeddable":true,"href":"https:\/\/magic-croatia.hr\/de\/wp-json\/wp\/v2\/comments?post=59456"}],"version-history":[{"count":19,"href":"https:\/\/magic-croatia.hr\/de\/wp-json\/wp\/v2\/pages\/59456\/revisions"}],"predecessor-version":[{"id":72460,"href":"https:\/\/magic-croatia.hr\/de\/wp-json\/wp\/v2\/pages\/59456\/revisions\/72460"}],"wp:featuredmedia":[{"embeddable":true,"href":"https:\/\/magic-croatia.hr\/de\/wp-json\/wp\/v2\/media\/57529"}],"wp:attachment":[{"href":"https:\/\/magic-croatia.hr\/de\/wp-json\/wp\/v2\/media?parent=59456"}],"curies":[{"name":"wp","href":"https:\/\/api.w.org\/{rel}","templated":true}]}}