{"id":57080,"date":"2021-03-28T08:37:03","date_gmt":"2021-03-28T06:37:03","guid":{"rendered":"https:\/\/magic-croatia.hr\/?page_id=57080"},"modified":"2021-09-30T14:07:04","modified_gmt":"2021-09-30T12:07:04","slug":"reiseversicherung","status":"publish","type":"page","link":"https:\/\/magic-croatia.hr\/de\/reiseversicherung\/","title":{"rendered":"Reiseversicherung"},"content":{"rendered":"<div class=\"wpb-content-wrapper\"><p>[vc_row][vc_column width=&#8220;1\/6&#8243;][\/vc_column][vc_column width=&#8220;2\/3&#8243;][vc_empty_space][vc_column_text]<\/p>\n<h1 class=\"name post-title entry-title\">Reiseversicherung<\/h1>\n<div class=\"clear\"><\/div>\n<div class=\"entry\">\n<blockquote><p><strong>ES IST M\u00d6GLICH ZU ARRANGIEREN:<\/strong><\/p><\/blockquote>\n<ul>\n<li>Reiseversicherung im Ausland<\/li>\n<li>Reiseversicherung im Inland<\/li>\n<li>Reiseversicherung f\u00fcr ausl\u00e4ndische Besucher in Kroatien<\/li>\n<\/ul>\n<blockquote><p>&nbsp;<\/p>\n<p><strong>DIE REISEVERSICHERUNG IM AUSLAND ENTH\u00c4LT<\/strong><\/p><\/blockquote>\n<ul>\n<li>Reisekrankenversicherung<\/li>\n<li>Gew\u00e4hrleistung der privaten Rechenschaftspflicht<\/li>\n<li>Gep\u00e4ckversicherung<\/li>\n<li>Gew\u00e4hrleistung von Annullierungen oder Unterbrechungen der Reise<\/li>\n<li>Personenversicherung gegen Unfallfolgen<\/li>\n<\/ul>\n<p><strong>Die Reisekrankenversicherung<\/strong>\u00a0w\u00e4hrend der Reise und auslandsaufenthalt in Zusammenarbeit mit der AXA Assistance Deutschland GmbH \u00fcbernimmt die Kosten f\u00fcr die dringende und notwendige medizinische Behandlung im Ausland bei pl\u00f6tzlicher Erkrankung oder Unfall.<\/p>\n<p><strong>Die Haftpflichtversicherung<\/strong>\u00a0umfasst die zivilrechtliche und au\u00dfervertragliche Haftung des Versicherten und der Personen, f\u00fcr die er per Gesetz auf den durch tod, K\u00f6rper oder Gesundheitsverletzung eines Dritten verursachten Schaden sowie auf die Besch\u00e4digung oder Vernichtung der Angelegenheit eines Dritten w\u00e4hrend der Reise und Bleiben Sie im Ausland.<\/p>\n<p><strong>Die Gep\u00e4ckversicherung<\/strong>\u00a0deckt den Verlust, die Besch\u00e4digung oder die Zerst\u00f6rung des Gep\u00e4cks, die Kosten f\u00fcr den Kauf der notwendigen Gegenst\u00e4nde f\u00fcr den Fall, dass das aufgegebene Gep\u00e4ck nicht mehr als 8 Stunden nach der Ankunft der versicherten Person am Bestimmungsort am Bestimmungsort am Zielort ankommt.<\/p>\n<p><strong>Die Stornoversicherung<\/strong>\u00a0deckt die Annullierung der Reise aufgrund unvorhergesehener Umst\u00e4nde, z.B. T\u00f6dlicher Fall, versehentliche schwere K\u00f6rperverletzung, pl\u00f6tzliche akute Erkrankung, Schwangerschaftsst\u00f6rungen, Impfunvertr\u00e4glichkeit, Sachbesch\u00e4digung durch Feuer, Naturkatastrophen oder vors\u00e4tzliche Straftat eines Dritten, milit\u00e4rische \u00dcbung, Verpflichtungen, die von der Beh\u00f6rde und anderen vorgeschrieben werden.<\/p>\n<p><strong>Die Stornoversicherung<\/strong>\u00a0impliziert eine Unterbrechung der bereits begonnenen Reise, jedoch unter der Voraussetzung, dass nicht mehr als 50 % der gesch\u00e4tzten Reisedauer genutzt wurden.<\/p>\n<p><strong>Die Unfallversicherung<\/strong>\u00a0deckt alle pl\u00f6tzlichen Ereignisse ab, die zum Tod oder zur dauerhaften Invalidit\u00e4t von Versicherten aufgrund von Unf\u00e4llen gef\u00fchrt haben.<\/p>\n<p>&nbsp;<\/p>\n<blockquote><p><strong>REISEVERSICHERUNG IM INLAND<\/strong><\/p><\/blockquote>\n<p>Diese Art der Reiseversicherung wird in der Regel von Schulen, Verb\u00e4nden oder Vereinen f\u00fcr Gruppenreisen, insbesondere Kinder, abgeschlossen und Enth\u00e4lt:<\/p>\n<ul>\n<li>Personenversicherung gegen Unfallfolgen<\/li>\n<li>Gep\u00e4ckversicherung<\/li>\n<li>Annullierung oder Unterbrechung der Reise.<\/li>\n<\/ul>\n<p><strong>Die Personenversicherung<\/strong>\u00a0bei Unf\u00e4llen wird im Todesfall als Folge eines ungl\u00fccklichen Falles und bei st\u00e4ndigem Verlust der allgemeinen Arbeitsf\u00e4higkeit aufgrund von Unf\u00e4llen (dauere Invalidit\u00e4t) ausgehandelt, und es ist m\u00f6glich, eine Tageszulage f\u00fcr den Aufenthalt in Krankenhaus zur Behandlung von Unf\u00e4llen.<\/p>\n<p><strong>Die Gep\u00e4ckversicherung<\/strong>\u00a0deckt den Verlust, die Besch\u00e4digung oder die Zerst\u00f6rung des Gep\u00e4cks, die Kosten f\u00fcr den Kauf der notwendigen Gegenst\u00e4nde f\u00fcr den Fall, dass das aufgegebene Gep\u00e4ck nicht l\u00e4nger als 8 Stunden nach Ankunft der versicherten Person am Bestimmungsort am Zielort ankommt, am Zielort der Reise au\u00dferhalb des Wohnsitzes der versicherten Person an.<\/p>\n<p><strong>Die Versicherung<\/strong>\u00a0gegen Annullierung oder Reiser\u00fccktritt umfasst die Annullierung einer Reise, die durch unvorhergesehene Umst\u00e4nde verursacht wurde, wie z. B. Tod, Unfall mit schwerer K\u00f6rperverletzung, pl\u00f6tzliche akute Erkrankung, St\u00f6rungen in der Schwangerschaft, Impfunvertr\u00e4glichkeit, Eigentum, das durch Feuer, Naturkatastrophen oder vors\u00e4tzliche Straftat eines Dritten verursacht wird, milit\u00e4rische \u00dcbung, von der Beh\u00f6rde vorgeschriebene Arbeitspflicht. Die Stornoversicherung impliziert eine Unterbrechung der bereits begonnenen Reise, jedoch unter der Voraussetzung, dass nicht mehr als 50 % der gesch\u00e4tzten Reisedauer genutzt wurden.<\/p>\n<blockquote><p><strong>REISEVERSICHERUNG F\u00dcR AUSL\u00c4NDER<\/strong><\/p><\/blockquote>\n<p>Deckung im Notfall und notwendige medizinische Behandlung infolge einer pl\u00f6tzlichen Krankheit w\u00e4hrend der Reise und Aufenthalt in der Republik Kroatien oder die Folge eines Unfalls (Unf\u00e4lle) w\u00e4hrend dieses Zeitraums, die nicht ohne Gesundheit der versicherten Person bis zur geplanten R\u00fcckkehr in das Wohnsitzland.<\/p>\n<p>Die Reiseversicherung f\u00fcr ausl\u00e4ndische Besucher in Kroatien Enth\u00e4lt:<\/p>\n<ul>\n<li>Reisekrankenversicherung<\/li>\n<li>Gep\u00e4ckversicherung<\/li>\n<\/ul>\n<p><strong>Unser Versicherungsvertragspartner ist EUROHERC Osiguranje d.d. Zagreb.<\/strong><\/p>\n<\/div>\n<p>[\/vc_column_text][vc_empty_space][\/vc_column][vc_column width=&#8220;1\/6&#8243;][\/vc_column][\/vc_row]<\/p>\n<\/div>","protected":false},"excerpt":{"rendered":"<p>[vc_row][vc_column width=&#8220;1\/6&#8243;][\/vc_column][vc_column width=&#8220;2\/3&#8243;][vc_empty_space][vc_column_text] Reiseversicherung ES IST M\u00d6GLICH ZU ARRANGIEREN: Reiseversicherung im Ausland Reiseversicherung im Inland Reiseversicherung f\u00fcr ausl\u00e4ndische Besucher in Kroatien &nbsp; DIE REISEVERSICHERUNG IM AUSLAND ENTH\u00c4LT Reisekrankenversicherung Gew\u00e4hrleistung der privaten Rechenschaftspflicht Gep\u00e4ckversicherung Gew\u00e4hrleistung von Annullierungen oder Unterbrechungen der Reise Personenversicherung gegen Unfallfolgen Die Reisekrankenversicherung\u00a0w\u00e4hrend der Reise und auslandsaufenthalt in Zusammenarbeit mit der AXA Assistance [&hellip;]<\/p>\n","protected":false},"author":2,"featured_media":0,"parent":0,"menu_order":0,"comment_status":"closed","ping_status":"closed","template":"template-home-modern.php","meta":{"footnotes":""},"yoast_head":"<!-- This site is optimized with the Yoast SEO plugin v22.4 - https:\/\/yoast.com\/wordpress\/plugins\/seo\/ -->\n<title>Reiseversicherung | Magic Croatia<\/title>\n<meta name=\"robots\" content=\"index, follow, max-snippet:-1, max-image-preview:large, max-video-preview:-1\" \/>\n<link rel=\"canonical\" href=\"https:\/\/magic-croatia.hr\/de\/reiseversicherung\/\" \/>\n<meta property=\"og:locale\" content=\"de_DE\" \/>\n<meta property=\"og:type\" content=\"article\" \/>\n<meta property=\"og:title\" content=\"Reiseversicherung | Magic Croatia\" \/>\n<meta property=\"og:description\" content=\"[vc_row][vc_column width=&#8220;1\/6&#8243;][\/vc_column][vc_column width=&#8220;2\/3&#8243;][vc_empty_space][vc_column_text] Reiseversicherung ES IST M\u00d6GLICH ZU ARRANGIEREN: Reiseversicherung im Ausland Reiseversicherung im Inland Reiseversicherung f\u00fcr ausl\u00e4ndische Besucher in Kroatien &nbsp; DIE REISEVERSICHERUNG IM AUSLAND ENTH\u00c4LT Reisekrankenversicherung Gew\u00e4hrleistung der privaten Rechenschaftspflicht Gep\u00e4ckversicherung Gew\u00e4hrleistung von Annullierungen oder Unterbrechungen der Reise Personenversicherung gegen Unfallfolgen Die Reisekrankenversicherung\u00a0w\u00e4hrend der Reise und auslandsaufenthalt in Zusammenarbeit mit der AXA Assistance [&hellip;]\" \/>\n<meta property=\"og:url\" content=\"https:\/\/magic-croatia.hr\/de\/reiseversicherung\/\" \/>\n<meta property=\"og:site_name\" content=\"Magic Croatia\" \/>\n<meta property=\"article:modified_time\" content=\"2021-09-30T12:07:04+00:00\" \/>\n<meta name=\"twitter:card\" content=\"summary_large_image\" \/>\n<meta name=\"twitter:label1\" content=\"Gesch\u00e4tzte Lesezeit\" \/>\n\t<meta name=\"twitter:data1\" content=\"3 Minuten\" \/>\n<script type=\"application\/ld+json\" class=\"yoast-schema-graph\">{\"@context\":\"https:\/\/schema.org\",\"@graph\":[{\"@type\":\"WebPage\",\"@id\":\"https:\/\/magic-croatia.hr\/de\/reiseversicherung\/\",\"url\":\"https:\/\/magic-croatia.hr\/de\/reiseversicherung\/\",\"name\":\"Reiseversicherung | Magic Croatia\",\"isPartOf\":{\"@id\":\"https:\/\/magic-croatia.hr\/de\/#website\"},\"datePublished\":\"2021-03-28T06:37:03+00:00\",\"dateModified\":\"2021-09-30T12:07:04+00:00\",\"breadcrumb\":{\"@id\":\"https:\/\/magic-croatia.hr\/de\/reiseversicherung\/#breadcrumb\"},\"inLanguage\":\"de-DE\",\"potentialAction\":[{\"@type\":\"ReadAction\",\"target\":[\"https:\/\/magic-croatia.hr\/de\/reiseversicherung\/\"]}]},{\"@type\":\"BreadcrumbList\",\"@id\":\"https:\/\/magic-croatia.hr\/de\/reiseversicherung\/#breadcrumb\",\"itemListElement\":[{\"@type\":\"ListItem\",\"position\":1,\"name\":\"Home\",\"item\":\"https:\/\/magic-croatia.hr\/de\/\"},{\"@type\":\"ListItem\",\"position\":2,\"name\":\"Reiseversicherung\"}]},{\"@type\":\"WebSite\",\"@id\":\"https:\/\/magic-croatia.hr\/de\/#website\",\"url\":\"https:\/\/magic-croatia.hr\/de\/\",\"name\":\"Magic Croatia\",\"description\":\"Turisti\u010dka agencija\",\"publisher\":{\"@id\":\"https:\/\/magic-croatia.hr\/de\/#organization\"},\"potentialAction\":[{\"@type\":\"SearchAction\",\"target\":{\"@type\":\"EntryPoint\",\"urlTemplate\":\"https:\/\/magic-croatia.hr\/de\/?s={search_term_string}\"},\"query-input\":\"required name=search_term_string\"}],\"inLanguage\":\"de-DE\"},{\"@type\":\"Organization\",\"@id\":\"https:\/\/magic-croatia.hr\/de\/#organization\",\"name\":\"Magic Croatia\",\"url\":\"https:\/\/magic-croatia.hr\/de\/\",\"logo\":{\"@type\":\"ImageObject\",\"inLanguage\":\"de-DE\",\"@id\":\"https:\/\/magic-croatia.hr\/de\/#\/schema\/logo\/image\/\",\"url\":\"https:\/\/magic-croatia.hr\/wp-content\/uploads\/2019\/05\/magic-croatia-logo-final-02.png\",\"contentUrl\":\"https:\/\/magic-croatia.hr\/wp-content\/uploads\/2019\/05\/magic-croatia-logo-final-02.png\",\"width\":2251,\"height\":697,\"caption\":\"Magic Croatia\"},\"image\":{\"@id\":\"https:\/\/magic-croatia.hr\/de\/#\/schema\/logo\/image\/\"}}]}<\/script>\n<!-- \/ Yoast SEO plugin. -->","yoast_head_json":{"title":"Reiseversicherung | Magic Croatia","robots":{"index":"index","follow":"follow","max-snippet":"max-snippet:-1","max-image-preview":"max-image-preview:large","max-video-preview":"max-video-preview:-1"},"canonical":"https:\/\/magic-croatia.hr\/de\/reiseversicherung\/","og_locale":"de_DE","og_type":"article","og_title":"Reiseversicherung | Magic Croatia","og_description":"[vc_row][vc_column width=&#8220;1\/6&#8243;][\/vc_column][vc_column width=&#8220;2\/3&#8243;][vc_empty_space][vc_column_text] Reiseversicherung ES IST M\u00d6GLICH ZU ARRANGIEREN: Reiseversicherung im Ausland Reiseversicherung im Inland Reiseversicherung f\u00fcr ausl\u00e4ndische Besucher in Kroatien &nbsp; DIE REISEVERSICHERUNG IM AUSLAND ENTH\u00c4LT Reisekrankenversicherung Gew\u00e4hrleistung der privaten Rechenschaftspflicht Gep\u00e4ckversicherung Gew\u00e4hrleistung von Annullierungen oder Unterbrechungen der Reise Personenversicherung gegen Unfallfolgen Die Reisekrankenversicherung\u00a0w\u00e4hrend der Reise und auslandsaufenthalt in Zusammenarbeit mit der AXA Assistance [&hellip;]","og_url":"https:\/\/magic-croatia.hr\/de\/reiseversicherung\/","og_site_name":"Magic Croatia","article_modified_time":"2021-09-30T12:07:04+00:00","twitter_card":"summary_large_image","twitter_misc":{"Gesch\u00e4tzte Lesezeit":"3 Minuten"},"schema":{"@context":"https:\/\/schema.org","@graph":[{"@type":"WebPage","@id":"https:\/\/magic-croatia.hr\/de\/reiseversicherung\/","url":"https:\/\/magic-croatia.hr\/de\/reiseversicherung\/","name":"Reiseversicherung | Magic Croatia","isPartOf":{"@id":"https:\/\/magic-croatia.hr\/de\/#website"},"datePublished":"2021-03-28T06:37:03+00:00","dateModified":"2021-09-30T12:07:04+00:00","breadcrumb":{"@id":"https:\/\/magic-croatia.hr\/de\/reiseversicherung\/#breadcrumb"},"inLanguage":"de-DE","potentialAction":[{"@type":"ReadAction","target":["https:\/\/magic-croatia.hr\/de\/reiseversicherung\/"]}]},{"@type":"BreadcrumbList","@id":"https:\/\/magic-croatia.hr\/de\/reiseversicherung\/#breadcrumb","itemListElement":[{"@type":"ListItem","position":1,"name":"Home","item":"https:\/\/magic-croatia.hr\/de\/"},{"@type":"ListItem","position":2,"name":"Reiseversicherung"}]},{"@type":"WebSite","@id":"https:\/\/magic-croatia.hr\/de\/#website","url":"https:\/\/magic-croatia.hr\/de\/","name":"Magic Croatia","description":"Turisti\u010dka agencija","publisher":{"@id":"https:\/\/magic-croatia.hr\/de\/#organization"},"potentialAction":[{"@type":"SearchAction","target":{"@type":"EntryPoint","urlTemplate":"https:\/\/magic-croatia.hr\/de\/?s={search_term_string}"},"query-input":"required name=search_term_string"}],"inLanguage":"de-DE"},{"@type":"Organization","@id":"https:\/\/magic-croatia.hr\/de\/#organization","name":"Magic Croatia","url":"https:\/\/magic-croatia.hr\/de\/","logo":{"@type":"ImageObject","inLanguage":"de-DE","@id":"https:\/\/magic-croatia.hr\/de\/#\/schema\/logo\/image\/","url":"https:\/\/magic-croatia.hr\/wp-content\/uploads\/2019\/05\/magic-croatia-logo-final-02.png","contentUrl":"https:\/\/magic-croatia.hr\/wp-content\/uploads\/2019\/05\/magic-croatia-logo-final-02.png","width":2251,"height":697,"caption":"Magic Croatia"},"image":{"@id":"https:\/\/magic-croatia.hr\/de\/#\/schema\/logo\/image\/"}}]}},"_links":{"self":[{"href":"https:\/\/magic-croatia.hr\/de\/wp-json\/wp\/v2\/pages\/57080"}],"collection":[{"href":"https:\/\/magic-croatia.hr\/de\/wp-json\/wp\/v2\/pages"}],"about":[{"href":"https:\/\/magic-croatia.hr\/de\/wp-json\/wp\/v2\/types\/page"}],"author":[{"embeddable":true,"href":"https:\/\/magic-croatia.hr\/de\/wp-json\/wp\/v2\/users\/2"}],"replies":[{"embeddable":true,"href":"https:\/\/magic-croatia.hr\/de\/wp-json\/wp\/v2\/comments?post=57080"}],"version-history":[{"count":1,"href":"https:\/\/magic-croatia.hr\/de\/wp-json\/wp\/v2\/pages\/57080\/revisions"}],"predecessor-version":[{"id":57084,"href":"https:\/\/magic-croatia.hr\/de\/wp-json\/wp\/v2\/pages\/57080\/revisions\/57084"}],"wp:attachment":[{"href":"https:\/\/magic-croatia.hr\/de\/wp-json\/wp\/v2\/media?parent=57080"}],"curies":[{"name":"wp","href":"https:\/\/api.w.org\/{rel}","templated":true}]}}