{"id":56014,"date":"2021-03-07T11:56:17","date_gmt":"2021-03-07T09:56:17","guid":{"rendered":"https:\/\/magic-croatia.hr\/?page_id=56014"},"modified":"2024-05-17T11:52:03","modified_gmt":"2024-05-17T09:52:03","slug":"unterkunft","status":"publish","type":"page","link":"https:\/\/magic-croatia.hr\/de\/unterkunft\/","title":{"rendered":"Unterkunft &#8211; g\u00fcnstige Hotels, Apartments und Villen in Dalmatien"},"content":{"rendered":"<div class=\"wpb-content-wrapper\"><p>[vc_row full_width=&#8220;stretch_row_content&#8220; css=&#8220;.vc_custom_1643655345886{background-image: url(https:\/\/magic-croatia.hr\/wp-content\/uploads\/2022\/01\/Slika-12-scaled.jpg?id=59565) !important;background-position: center !important;background-repeat: no-repeat !important;background-size: cover !important;}&#8220;][vc_column][vc_empty_space height=&#8220;122px&#8220;][vc_row_inner][vc_column_inner width=&#8220;2\/3&#8243;][vc_column_text]<span style=\"font-size: 18px; color: #ffffff;\"><strong>UNTERKUNFT IN DALMATIEN<\/strong><\/span><\/p>\n<h1><span style=\"font-size: 38px; color: #ffffff;\">Suchen Sie eine hochwertige Unterkunft in Zadar und Umgebung?<\/span><\/h1>\n<p><span style=\"font-size: 18px; color: #ffffff;\">W\u00e4hlen Sie Ihre perfekte Unterkunft. G\u00f6nnen Sie sich einen unvergesslichen Urlaub in einer Unterkunft, die genau Ihren W\u00fcnschen entspricht. W\u00e4hlen Sie aus unserem Angebot die Unterkunft, die Ihnen am besten gef\u00e4llt. Sie k\u00f6nnen zwischen einer Unterkunft in einem Hotel, einer Jugendherberge, einer Villa oder einem Apartment w\u00e4hlen.<br \/>\n<\/span>[\/vc_column_text][\/vc_column_inner][vc_column_inner width=&#8220;1\/3&#8243;][\/vc_column_inner][\/vc_row_inner][vc_empty_space height=&#8220;82px&#8220;][vc_empty_space height=&#8220;12px&#8220;][\/vc_column][\/vc_row][vc_row full_width=&#8220;stretch_row_content&#8220; css=&#8220;.vc_custom_1618403441572{background-color: #f7f7f7 !important;}&#8220;][vc_column][vc_empty_space height=&#8220;42px&#8220;][vc_column_text css=&#8220;.vc_custom_1710922165340{padding-right: 5% !important;padding-left: 5% !important;}&#8220;]<\/p>\n<p style=\"text-align: center;\"><span style=\"font-size: 22px;\">Sehen Sie sich unser Angebot an und <strong>buchen Sie den Urlaub Ihrer Wahl<\/strong>. Wenn Sie in unserem Angebot keine passende Unterkunft finden, melden Sie sich bei uns mit Ihren Anforderungen. Wir finden gerne eine Unterkunft f\u00fcr Sie.<br \/>\n<\/span><\/p>\n<p>[\/vc_column_text][vc_empty_space height=&#8220;22px&#8220;][\/vc_column][\/vc_row][vc_row full_width=&#8220;stretch_row_content&#8220; css=&#8220;.vc_custom_1707395639797{padding-bottom: 90px !important;background-color: #f4f4f4 !important;}&#8220;][vc_column width=&#8220;1\/3&#8243;][vc_empty_space height=&#8220;12px&#8220;]<div class=\"st-offer-new item has-matchHeight\">\r\n    <div class=\"featured-text btn btn-primary\">HOTELS<\/div><h2 class=\"item-title\">Hotels<\/h2><p class=\"item-sub-title\">Die ausgew\u00e4hlten Hotels, die wir anbieten, bieten Reisenden und Besuchern erstklassige Unterk\u00fcnfte. Die Hotels zeichnen sich durch einen hohen Unterkunfts- und Verpflegungsstandard mit umfangreichen Inhalten aus. W\u00e4hlen Sie sich ein Hotel am Meer, ein Stadthotel am Strand oder ein luxuri\u00f6s ausgestattetes Hotel mit einem reichhaltigen Angebot.<\/p><a href=\"https:\/\/magic-croatia.hr\/de\/hotels\/\" class=\"btn btn-default\" >Hotels<\/a>    <div class=\"img-cover st_1776288948\"><\/div>\r\n<\/div>\r\n[\/vc_column][vc_column width=&#8220;1\/3&#8243;][vc_empty_space height=&#8220;12px&#8220;]<div class=\"st-offer-new item has-matchHeight\">\r\n    <div class=\"featured-text btn btn-primary\">APARTMANTS<\/div><h2 class=\"item-title\">Ferienwohnungen<\/h2><p class=\"item-sub-title\">Mit den Apartments aus unserem Angebot k\u00f6nnen Sie Ihren Urlaub so organisieren, als w\u00e4ren Sie zu Hause. Der Aufenthalt in den Apartments bietet Ihnen Privatsph\u00e4re und die M\u00f6glichkeit, Mahlzeiten zuzubereiten, wann immer Sie m\u00f6chten.<\/p><a href=\"https:\/\/magic-croatia.hr\/de\/apartments\/\" class=\"btn btn-default\" >Apartments<\/a>    <div class=\"img-cover st_1776288949\"><\/div>\r\n<\/div>\r\n[\/vc_column][vc_column width=&#8220;1\/3&#8243;][vc_empty_space height=&#8220;12px&#8220;]<div class=\"st-offer-new item has-matchHeight\">\r\n    <div class=\"featured-text btn btn-primary\">VILLEN &amp; H\u00c4USER<\/div><h2 class=\"item-title\">Luxusvillen<\/h2><p class=\"item-sub-title\">F\u00fcr einen erholsamen Urlaub w\u00e4hlen Sie eine Villa aus unserem Angebot. In Villen mit gro\u00dfartiger Lage k\u00f6nnen Sie sich im Pool entspannen, das finnische und t\u00fcrkische Bad oder den Whirlpool im Freien genie\u00dfen.<\/p><a href=\"https:\/\/magic-croatia.hr\/de\/villen\/\" class=\"btn btn-default\" >Zum Angebot<\/a>    <div class=\"img-cover st_1776288950\"><\/div>\r\n<\/div>\r\n[\/vc_column][\/vc_row][vc_row equal_height=&#8220;yes&#8220; content_placement=&#8220;middle&#8220; row_fullwidth=&#8220;yes&#8220; css=&#8220;.vc_custom_1707395005217{padding-top: 60px !important;padding-bottom: 60px !important;background-color: #ffffff !important;background-position: center !important;background-repeat: no-repeat !important;background-size: cover !important;}&#8220;][vc_column width=&#8220;2\/3&#8243;][vc_empty_space height=&#8220;42px&#8220;][vc_column_text css=&#8220;.vc_custom_1710922901723{padding-right: 5% !important;padding-left: 5% !important;}&#8220;]<\/p>\n<h2 style=\"text-align: left; font-size: 34px;\">Warum sollten Sie uns w\u00e4hlen?<\/h2>\n<p><span style=\"font-size: 18px;\">\u2713 Wir erweitern st\u00e4ndig das Angebot an Unterk\u00fcnften mit Einheiten h\u00f6chster Qualit\u00e4t<\/span><\/p>\n<p><span style=\"font-size: 18px;\">\u2713 Die Fotos der Unterkunft entsprechen dem tats\u00e4chlichen Zustand<\/span><\/p>\n<p><span style=\"font-size: 18px;\">\u2713 Wir legen gro\u00dfen Wert darauf, alle individuellen W\u00fcnsche und Bed\u00fcrfnisse der G\u00e4ste zu erf\u00fcllen<\/span><\/p>\n<p><span style=\"font-size: 18px;\">\u2713 Wir stehen Ihnen von der Buchung bis zur Heimfahrt f\u00fcr alle Fragen und Informationen zur Verf\u00fcgung<\/span><\/p>\n<p><span style=\"font-size: 18px;\">\u2713 Sie k\u00f6nnen sich unser Angebot an Unterk\u00fcnften einfach und schnell ansehen<\/span>[\/vc_column_text][vc_empty_space height=&#8220;42px&#8220;][\/vc_column][vc_column width=&#8220;1\/3&#8243; css=&#8220;.vc_custom_1707394142597{padding-top: 30px !important;padding-right: 15px !important;padding-bottom: 30px !important;padding-left: 15px !important;background-color: #1a2b48 !important;}&#8220;][vc_column_text css=&#8220;.vc_custom_1710922318837{padding-right: 5% !important;padding-left: 5% !important;}&#8220;]<\/p>\n<p style=\"font-size: 24px; text-align: left; color: #ffffff;\">WICHTIG<\/p>\n<hr \/>\n<p style=\"font-size: 16px; text-align: left; color: #ffffff;\">Um Ihnen bei der Auswahl der besten Unterkunft zu helfen, geben geben wir Ihnen in den Beschreibungen der Unterkunft die verf\u00fcgbaren Daten, die Anzahl der Personen, die untergebracht werden k\u00f6nnen und die wichtigsten Informationen zur Unterkunft(Check in und Check out Termine, Buchungs- und Stornierungsbedingungen).<\/p>\n<p style=\"font-size: 16px; text-align: left; color: #ffffff;\">Wir m\u00f6chten, dass Ihre Unterkunft Ihren Bed\u00fcrfnissen entspricht, daher geben wir Ihnen alle Informationen \u00fcber die Unterkunft,wie z. B. Informationen zum Parkplatz , WLAN, Pool &#8230;<br \/>\nWir k\u00f6nnen auch Fr\u00fchst\u00fcck, Mittag- oder Abendessen au\u00dferhalb der Unterkunft organisieren.<\/p>\n<p style=\"font-size: 16px; text-align: left; color: #ffffff;\">Wichtige Informationen wie die Entfernung zum Strand oder zum Stadtzentrum sind ebenfalls aufgef\u00fchrt. F\u00fcr alle weiteren Informationen kontaktieren Sie uns bitte und wir werden gerne auf Ihre Anfrage antworten.<\/p>\n<p>[\/vc_column_text][\/vc_column][\/vc_row]<\/p>\n<\/div>","protected":false},"excerpt":{"rendered":"<p>[vc_row full_width=&#8220;stretch_row_content&#8220; css=&#8220;.vc_custom_1643655345886{background-image: url(https:\/\/magic-croatia.hr\/wp-content\/uploads\/2022\/01\/Slika-12-scaled.jpg?id=59565) !important;background-position: center !important;background-repeat: no-repeat !important;background-size: cover !important;}&#8220;][vc_column][vc_empty_space height=&#8220;122px&#8220;][vc_row_inner][vc_column_inner width=&#8220;2\/3&#8243;][vc_column_text]UNTERKUNFT IN DALMATIEN Suchen Sie eine hochwertige Unterkunft in Zadar und Umgebung? W\u00e4hlen Sie Ihre perfekte Unterkunft. G\u00f6nnen Sie sich einen unvergesslichen Urlaub in einer Unterkunft, die genau Ihren W\u00fcnschen entspricht. W\u00e4hlen Sie aus unserem Angebot die Unterkunft, die Ihnen am besten gef\u00e4llt. [&hellip;]<\/p>\n","protected":false},"author":2,"featured_media":0,"parent":0,"menu_order":0,"comment_status":"closed","ping_status":"closed","template":"template-home-modern.php","meta":{"footnotes":""},"yoast_head":"<!-- This site is optimized with the Yoast SEO plugin v22.4 - https:\/\/yoast.com\/wordpress\/plugins\/seo\/ -->\n<title>Hotels, Apartments und Villen in Kroatien | Magic Croatia<\/title>\n<meta name=\"description\" content=\"Finden Sie bei Magic Croatia preiswerte Unterk\u00fcnfte: Hotels, Apartments und Villen in Dalmatien. Entdecken Sie Komfort und Stil zu erschwinglichen Preisen.\" \/>\n<meta name=\"robots\" content=\"index, follow, max-snippet:-1, max-image-preview:large, max-video-preview:-1\" \/>\n<link rel=\"canonical\" href=\"https:\/\/magic-croatia.hr\/de\/unterkunft\/\" \/>\n<meta property=\"og:locale\" content=\"de_DE\" \/>\n<meta property=\"og:type\" content=\"article\" \/>\n<meta property=\"og:title\" content=\"Hotels, Apartments und Villen in Kroatien | Magic Croatia\" \/>\n<meta property=\"og:description\" content=\"Finden Sie bei Magic Croatia preiswerte Unterk\u00fcnfte: Hotels, Apartments und Villen in Dalmatien. Entdecken Sie Komfort und Stil zu erschwinglichen Preisen.\" \/>\n<meta property=\"og:url\" content=\"https:\/\/magic-croatia.hr\/de\/unterkunft\/\" \/>\n<meta property=\"og:site_name\" content=\"Magic Croatia\" \/>\n<meta property=\"article:modified_time\" content=\"2024-05-17T09:52:03+00:00\" \/>\n<meta name=\"twitter:card\" content=\"summary_large_image\" \/>\n<meta name=\"twitter:label1\" content=\"Gesch\u00e4tzte Lesezeit\" \/>\n\t<meta name=\"twitter:data1\" content=\"3 Minuten\" \/>\n<script type=\"application\/ld+json\" class=\"yoast-schema-graph\">{\"@context\":\"https:\/\/schema.org\",\"@graph\":[{\"@type\":\"WebPage\",\"@id\":\"https:\/\/magic-croatia.hr\/de\/unterkunft\/\",\"url\":\"https:\/\/magic-croatia.hr\/de\/unterkunft\/\",\"name\":\"Hotels, Apartments und Villen in Kroatien | Magic Croatia\",\"isPartOf\":{\"@id\":\"https:\/\/magic-croatia.hr\/de\/#website\"},\"datePublished\":\"2021-03-07T09:56:17+00:00\",\"dateModified\":\"2024-05-17T09:52:03+00:00\",\"description\":\"Finden Sie bei Magic Croatia preiswerte Unterk\u00fcnfte: Hotels, Apartments und Villen in Dalmatien. Entdecken Sie Komfort und Stil zu erschwinglichen Preisen.\",\"breadcrumb\":{\"@id\":\"https:\/\/magic-croatia.hr\/de\/unterkunft\/#breadcrumb\"},\"inLanguage\":\"de-DE\",\"potentialAction\":[{\"@type\":\"ReadAction\",\"target\":[\"https:\/\/magic-croatia.hr\/de\/unterkunft\/\"]}]},{\"@type\":\"BreadcrumbList\",\"@id\":\"https:\/\/magic-croatia.hr\/de\/unterkunft\/#breadcrumb\",\"itemListElement\":[{\"@type\":\"ListItem\",\"position\":1,\"name\":\"Home\",\"item\":\"https:\/\/magic-croatia.hr\/de\/\"},{\"@type\":\"ListItem\",\"position\":2,\"name\":\"Unterkunft &#8211; g\u00fcnstige Hotels, Apartments und Villen in Dalmatien\"}]},{\"@type\":\"WebSite\",\"@id\":\"https:\/\/magic-croatia.hr\/de\/#website\",\"url\":\"https:\/\/magic-croatia.hr\/de\/\",\"name\":\"Magic Croatia\",\"description\":\"Turisti\u010dka agencija\",\"publisher\":{\"@id\":\"https:\/\/magic-croatia.hr\/de\/#organization\"},\"potentialAction\":[{\"@type\":\"SearchAction\",\"target\":{\"@type\":\"EntryPoint\",\"urlTemplate\":\"https:\/\/magic-croatia.hr\/de\/?s={search_term_string}\"},\"query-input\":\"required name=search_term_string\"}],\"inLanguage\":\"de-DE\"},{\"@type\":\"Organization\",\"@id\":\"https:\/\/magic-croatia.hr\/de\/#organization\",\"name\":\"Magic Croatia\",\"url\":\"https:\/\/magic-croatia.hr\/de\/\",\"logo\":{\"@type\":\"ImageObject\",\"inLanguage\":\"de-DE\",\"@id\":\"https:\/\/magic-croatia.hr\/de\/#\/schema\/logo\/image\/\",\"url\":\"https:\/\/magic-croatia.hr\/wp-content\/uploads\/2019\/05\/magic-croatia-logo-final-02.png\",\"contentUrl\":\"https:\/\/magic-croatia.hr\/wp-content\/uploads\/2019\/05\/magic-croatia-logo-final-02.png\",\"width\":2251,\"height\":697,\"caption\":\"Magic Croatia\"},\"image\":{\"@id\":\"https:\/\/magic-croatia.hr\/de\/#\/schema\/logo\/image\/\"}}]}<\/script>\n<!-- \/ Yoast SEO plugin. -->","yoast_head_json":{"title":"Hotels, Apartments und Villen in Kroatien | Magic Croatia","description":"Finden Sie bei Magic Croatia preiswerte Unterk\u00fcnfte: Hotels, Apartments und Villen in Dalmatien. Entdecken Sie Komfort und Stil zu erschwinglichen Preisen.","robots":{"index":"index","follow":"follow","max-snippet":"max-snippet:-1","max-image-preview":"max-image-preview:large","max-video-preview":"max-video-preview:-1"},"canonical":"https:\/\/magic-croatia.hr\/de\/unterkunft\/","og_locale":"de_DE","og_type":"article","og_title":"Hotels, Apartments und Villen in Kroatien | Magic Croatia","og_description":"Finden Sie bei Magic Croatia preiswerte Unterk\u00fcnfte: Hotels, Apartments und Villen in Dalmatien. Entdecken Sie Komfort und Stil zu erschwinglichen Preisen.","og_url":"https:\/\/magic-croatia.hr\/de\/unterkunft\/","og_site_name":"Magic Croatia","article_modified_time":"2024-05-17T09:52:03+00:00","twitter_card":"summary_large_image","twitter_misc":{"Gesch\u00e4tzte Lesezeit":"3 Minuten"},"schema":{"@context":"https:\/\/schema.org","@graph":[{"@type":"WebPage","@id":"https:\/\/magic-croatia.hr\/de\/unterkunft\/","url":"https:\/\/magic-croatia.hr\/de\/unterkunft\/","name":"Hotels, Apartments und Villen in Kroatien | Magic Croatia","isPartOf":{"@id":"https:\/\/magic-croatia.hr\/de\/#website"},"datePublished":"2021-03-07T09:56:17+00:00","dateModified":"2024-05-17T09:52:03+00:00","description":"Finden Sie bei Magic Croatia preiswerte Unterk\u00fcnfte: Hotels, Apartments und Villen in Dalmatien. Entdecken Sie Komfort und Stil zu erschwinglichen Preisen.","breadcrumb":{"@id":"https:\/\/magic-croatia.hr\/de\/unterkunft\/#breadcrumb"},"inLanguage":"de-DE","potentialAction":[{"@type":"ReadAction","target":["https:\/\/magic-croatia.hr\/de\/unterkunft\/"]}]},{"@type":"BreadcrumbList","@id":"https:\/\/magic-croatia.hr\/de\/unterkunft\/#breadcrumb","itemListElement":[{"@type":"ListItem","position":1,"name":"Home","item":"https:\/\/magic-croatia.hr\/de\/"},{"@type":"ListItem","position":2,"name":"Unterkunft &#8211; g\u00fcnstige Hotels, Apartments und Villen in Dalmatien"}]},{"@type":"WebSite","@id":"https:\/\/magic-croatia.hr\/de\/#website","url":"https:\/\/magic-croatia.hr\/de\/","name":"Magic Croatia","description":"Turisti\u010dka agencija","publisher":{"@id":"https:\/\/magic-croatia.hr\/de\/#organization"},"potentialAction":[{"@type":"SearchAction","target":{"@type":"EntryPoint","urlTemplate":"https:\/\/magic-croatia.hr\/de\/?s={search_term_string}"},"query-input":"required name=search_term_string"}],"inLanguage":"de-DE"},{"@type":"Organization","@id":"https:\/\/magic-croatia.hr\/de\/#organization","name":"Magic Croatia","url":"https:\/\/magic-croatia.hr\/de\/","logo":{"@type":"ImageObject","inLanguage":"de-DE","@id":"https:\/\/magic-croatia.hr\/de\/#\/schema\/logo\/image\/","url":"https:\/\/magic-croatia.hr\/wp-content\/uploads\/2019\/05\/magic-croatia-logo-final-02.png","contentUrl":"https:\/\/magic-croatia.hr\/wp-content\/uploads\/2019\/05\/magic-croatia-logo-final-02.png","width":2251,"height":697,"caption":"Magic Croatia"},"image":{"@id":"https:\/\/magic-croatia.hr\/de\/#\/schema\/logo\/image\/"}}]}},"_links":{"self":[{"href":"https:\/\/magic-croatia.hr\/de\/wp-json\/wp\/v2\/pages\/56014"}],"collection":[{"href":"https:\/\/magic-croatia.hr\/de\/wp-json\/wp\/v2\/pages"}],"about":[{"href":"https:\/\/magic-croatia.hr\/de\/wp-json\/wp\/v2\/types\/page"}],"author":[{"embeddable":true,"href":"https:\/\/magic-croatia.hr\/de\/wp-json\/wp\/v2\/users\/2"}],"replies":[{"embeddable":true,"href":"https:\/\/magic-croatia.hr\/de\/wp-json\/wp\/v2\/comments?post=56014"}],"version-history":[{"count":9,"href":"https:\/\/magic-croatia.hr\/de\/wp-json\/wp\/v2\/pages\/56014\/revisions"}],"predecessor-version":[{"id":73406,"href":"https:\/\/magic-croatia.hr\/de\/wp-json\/wp\/v2\/pages\/56014\/revisions\/73406"}],"wp:attachment":[{"href":"https:\/\/magic-croatia.hr\/de\/wp-json\/wp\/v2\/media?parent=56014"}],"curies":[{"name":"wp","href":"https:\/\/api.w.org\/{rel}","templated":true}]}}